{"id":771,"date":"2018-01-22T11:01:33","date_gmt":"2018-01-22T10:01:33","guid":{"rendered":"https:\/\/www.enscmu.uha.fr\/?page_id=771"},"modified":"2024-11-14T16:41:27","modified_gmt":"2024-11-14T15:41:27","slug":"admission-sur-titre-2e-annee","status":"publish","type":"page","link":"https:\/\/www.enscmu.uha.fr\/index.php\/admission-sur-titre-2e-annee\/","title":{"rendered":"ADMISSION SUR TITRE 2E ANNEE"},"content":{"rendered":"<div class=\"deflex main\" style=\"display: flex;\">\n<div class=\"deborder\" style=\"width: 70%; margin-left: auto; margin-right: auto; padding-right: 5%;\">\n<h1>Dipl\u00f4mes concern\u00e9s<\/h1>\n<p>Seuls les titulaires d&rsquo;un Master M1 de Chimie, Chimie-Physique ou Sciences et Techniques ont acc\u00e8s \u00e0 l&rsquo;admission sur titre en 2e ann\u00e9e de cycle ing\u00e9nieur. Ils peuvent \u00eatre admis et suivre le programme normal des enseignements dispens\u00e9s aux \u00e9l\u00e8ves-ing\u00e9nieurs de 2e ann\u00e9e.<\/p>\n<p>Le Minist\u00e8re de l\u2019\u00c9ducation Nationale peut accorder les bourses d&rsquo;Enseignement Sup\u00e9rieur aux \u00e9l\u00e8ves dont la situation le justifie.<br \/>\n<!--\n\n\n<h1><strong>Candidature<\/strong><\/h1>\n\n\n<span style=\"color: #000;\">Les candidats fran\u00e7ais doivent envoyer leur dossier de candidature pour l'admission sur titre en 2e ann\u00e9e.<\/span>\n\n<span style=\"color: #000;\"><strong>Les dossiers de candidature pour septembre 2023 (\u00e0 constituer par le candidat selon la composition ci-apr\u00e8s) se d\u00e9roulent en ligne sur <a style=\"color: #000;\" href=\"https:\/\/ecandidat.uha.fr\/ecandidat\/#!accueilView\" target=\"_blank\" rel=\"noopener\">e-candidat<\/a>\u00a0du 06 mars 2023 jusqu'au 08 mai 2023.<\/strong><\/span>\n\n<span style=\"color: #000;\">Les candidats sont tenus de compl\u00e9ter leur dossier avant le mois de juin par l'envoi d'une photocopie de leur certificat d'obtention du M1 (voir ci-dessous : composition de la 2e partie du dossier).<\/span>\n\n<span style=\"color: #000;\">Les candidats de nationalit\u00e9 \u00e9trang\u00e8re HORS UE doivent suivre la proc\u00e9dure <a style=\"color: #000;\" href=\"https:\/\/pastel.diplomatie.gouv.fr\/etudesenfrance\/dyn\/public\/authentification\/login.html\" target=\"_blank\" rel=\"noopener noreferrer\">Etudes en France.<\/a><\/span>--><\/p>\n<h1><strong>Composition du dossier de candidature<\/strong><\/h1>\n<p><strong>La transmission des pi\u00e8ces se fait via l&rsquo;adresse e-mail suivante au d\u00e9but du mois de mars : <a href=\"https:\/\/www.enscmu.uha.fr\/index.php\/contacts-acces\/\">scolarite.enscmu@uha.fr<\/a><\/strong><\/p>\n<ul>\n<li>Lettre de motivation\u00a0du candidat (peut-\u00eatre manuscrite ou dactylographi\u00e9e)<\/li>\n<li>Curriculum Vitae (d\u00e9roulement de la scolarit\u00e9 post-bac&#8230;)<\/li>\n<li>Carte d&rsquo;identit\u00e9<\/li>\n<li>Photocopies des dipl\u00f4mes et certificats de niveau obtenus \u00e0 date, <u>avec indication des mentions<\/u><\/li>\n<li>Relev\u00e9 des notes obtenues \u00e0 tous les semestres de formation <u>avec classement<\/u><\/li>\n<li>Lettre de recommandation (par un enseignant, responsable de fili\u00e8re, ma\u00eetre de stage&#8230;)<\/li>\n<li>Photocopie du certificat d&rsquo;obtention du M1 <u>avec indication des mentions obtenues<\/u><\/li>\n<\/ul>\n<p>Tout dossier d&rsquo;admission sur titre devra comporter ces documents pour pouvoir \u00eatre examin\u00e9.<\/p>\n<p>Le Jury d&rsquo;admission statue g\u00e9n\u00e9ralement d\u00e9but juin sur l&rsquo;admission des candidats en s&rsquo;appuyant sur les dossiers tels qu&rsquo;ils ont \u00e9t\u00e9 d\u00e9pos\u00e9s. Les \u00e9tudiants dont le jury retient le dossier de candidature sont convoqu\u00e9s pour un entretien fin juin.<\/p>\n<h1>D<strong>ossier d&rsquo;inscription et pi\u00e8ces \u00e0 joindre<\/strong><\/h1>\n<p>Une fois admis, les \u00e9l\u00e8ves doivent compl\u00e9ter et rendre un dossier d&rsquo;inscription au service de scolarit\u00e9 de l&rsquo;ENSCMu en suivant la <a href=\"https:\/\/www.enscmu.uha.fr\/index.php\/formation\/inscription\/\">proc\u00e9dure d&rsquo;inscription.<\/a><\/p>\n<\/div>\n<div style=\"width: 27.5%; margin-left: auto; margin-right: auto;\">Contact : Service de scolarit\u00e9<br \/>\nT\u00e9l. : +33 (0)3 89 33 68 14<br \/>\nCourriel : <a href=\"https:\/\/www.enscmu.uha.fr\/index.php\/contacts-acces\/\">scolarite.enscmu@uha.fr<\/a><br \/>\n<strong>La transmission des pi\u00e8ces se fait via l&rsquo;adresse e-mail suivante au d\u00e9but du mois de mars : scolarite.enscmu@uha.fr<\/strong><\/div>\n<div><\/div>\n<\/div>\n","protected":false},"excerpt":{"rendered":"<p>Dipl\u00f4mes concern\u00e9s Seuls les titulaires d&rsquo;un Master M1 de Chimie, Chimie-Physique ou Sciences et Techniques ont acc\u00e8s \u00e0 l&rsquo;admission sur titre en 2e ann\u00e9e de cycle ing\u00e9nieur. Ils peuvent \u00eatre admis et suivre le programme normal des enseignements dispens\u00e9s aux \u00e9l\u00e8ves-ing\u00e9nieurs de 2e ann\u00e9e. Le Minist\u00e8re de l\u2019\u00c9ducation Nationale peut accorder les bourses d&rsquo;Enseignement Sup\u00e9rieur [&hellip;]<\/p>\n","protected":false},"author":2,"featured_media":0,"parent":0,"menu_order":0,"comment_status":"closed","ping_status":"closed","template":"","meta":{"footnotes":""},"categories":[5],"tags":[],"class_list":["post-771","page","type-page","status-publish","hentry","category-futurs-etudiants"],"yoast_head":"<!-- This site is optimized with the Yoast SEO plugin v27.0 - https:\/\/yoast.com\/product\/yoast-seo-wordpress\/ -->\n<title>ADMISSION SUR TITRE 2E ANNEE - ENSCMu<\/title>\n<meta name=\"description\" content=\"L\u2019admission sur titre en 2e ann\u00e9e de cycle ing\u00e9nieur est ouverte aux titulaires d\u2019un Master M1 de Chimie, Chimie-Physique ou Sciences et Techniques.\" \/>\n<meta name=\"robots\" content=\"index, follow, max-snippet:-1, max-image-preview:large, max-video-preview:-1\" \/>\n<link rel=\"canonical\" href=\"https:\/\/www.enscmu.uha.fr\/index.php\/admission-sur-titre-2e-annee\/\" \/>\n<meta property=\"og:locale\" content=\"fr_FR\" \/>\n<meta property=\"og:type\" content=\"article\" \/>\n<meta property=\"og:title\" content=\"ADMISSION SUR TITRE 2E ANNEE - ENSCMu\" \/>\n<meta property=\"og:description\" content=\"L\u2019admission sur titre en 2e ann\u00e9e de cycle ing\u00e9nieur est ouverte aux titulaires d\u2019un Master M1 de Chimie, Chimie-Physique ou Sciences et Techniques.\" \/>\n<meta property=\"og:url\" content=\"https:\/\/www.enscmu.uha.fr\/index.php\/admission-sur-titre-2e-annee\/\" \/>\n<meta property=\"og:site_name\" content=\"ENSCMu | \u00c9cole Nationale Sup\u00e9rieure de Chimie de Mulhouse\" \/>\n<meta property=\"article:modified_time\" content=\"2024-11-14T15:41:27+00:00\" \/>\n<meta name=\"twitter:card\" content=\"summary_large_image\" \/>\n<meta name=\"twitter:label1\" content=\"Dur\u00e9e de lecture estim\u00e9e\" \/>\n\t<meta name=\"twitter:data1\" content=\"2 minutes\" \/>\n<script type=\"application\/ld+json\" class=\"yoast-schema-graph\">{\"@context\":\"https:\/\/schema.org\",\"@graph\":[{\"@type\":\"WebPage\",\"@id\":\"https:\/\/www.enscmu.uha.fr\/index.php\/admission-sur-titre-2e-annee\/\",\"url\":\"https:\/\/www.enscmu.uha.fr\/index.php\/admission-sur-titre-2e-annee\/\",\"name\":\"ADMISSION SUR TITRE 2E ANNEE - ENSCMu\",\"isPartOf\":{\"@id\":\"https:\/\/www.enscmu.uha.fr\/#website\"},\"datePublished\":\"2018-01-22T10:01:33+00:00\",\"dateModified\":\"2024-11-14T15:41:27+00:00\",\"description\":\"L\u2019admission sur titre en 2e ann\u00e9e de cycle ing\u00e9nieur est ouverte aux titulaires d\u2019un Master M1 de Chimie, Chimie-Physique ou Sciences et Techniques.\",\"breadcrumb\":{\"@id\":\"https:\/\/www.enscmu.uha.fr\/index.php\/admission-sur-titre-2e-annee\/#breadcrumb\"},\"inLanguage\":\"fr-FR\",\"potentialAction\":[{\"@type\":\"ReadAction\",\"target\":[\"https:\/\/www.enscmu.uha.fr\/index.php\/admission-sur-titre-2e-annee\/\"]}]},{\"@type\":\"BreadcrumbList\",\"@id\":\"https:\/\/www.enscmu.uha.fr\/index.php\/admission-sur-titre-2e-annee\/#breadcrumb\",\"itemListElement\":[{\"@type\":\"ListItem\",\"position\":1,\"name\":\"Accueil\",\"item\":\"https:\/\/www.enscmu.uha.fr\/\"},{\"@type\":\"ListItem\",\"position\":2,\"name\":\"ADMISSION SUR TITRE 2E ANNEE\"}]},{\"@type\":\"WebSite\",\"@id\":\"https:\/\/www.enscmu.uha.fr\/#website\",\"url\":\"https:\/\/www.enscmu.uha.fr\/\",\"name\":\"ENSCMu | \u00c9cole Nationale Sup\u00e9rieure de Chimie de Mulhouse\",\"description\":\"Campus Illberg | Universit\u00e9 de Haute-Alsace\",\"potentialAction\":[{\"@type\":\"SearchAction\",\"target\":{\"@type\":\"EntryPoint\",\"urlTemplate\":\"https:\/\/www.enscmu.uha.fr\/?s={search_term_string}\"},\"query-input\":{\"@type\":\"PropertyValueSpecification\",\"valueRequired\":true,\"valueName\":\"search_term_string\"}}],\"inLanguage\":\"fr-FR\"}]}<\/script>\n<!-- \/ Yoast SEO plugin. -->","yoast_head_json":{"title":"ADMISSION SUR TITRE 2E ANNEE - ENSCMu","description":"L\u2019admission sur titre en 2e ann\u00e9e de cycle ing\u00e9nieur est ouverte aux titulaires d\u2019un Master M1 de Chimie, Chimie-Physique ou Sciences et Techniques.","robots":{"index":"index","follow":"follow","max-snippet":"max-snippet:-1","max-image-preview":"max-image-preview:large","max-video-preview":"max-video-preview:-1"},"canonical":"https:\/\/www.enscmu.uha.fr\/index.php\/admission-sur-titre-2e-annee\/","og_locale":"fr_FR","og_type":"article","og_title":"ADMISSION SUR TITRE 2E ANNEE - ENSCMu","og_description":"L\u2019admission sur titre en 2e ann\u00e9e de cycle ing\u00e9nieur est ouverte aux titulaires d\u2019un Master M1 de Chimie, Chimie-Physique ou Sciences et Techniques.","og_url":"https:\/\/www.enscmu.uha.fr\/index.php\/admission-sur-titre-2e-annee\/","og_site_name":"ENSCMu | \u00c9cole Nationale Sup\u00e9rieure de Chimie de Mulhouse","article_modified_time":"2024-11-14T15:41:27+00:00","twitter_card":"summary_large_image","twitter_misc":{"Dur\u00e9e de lecture estim\u00e9e":"2 minutes"},"schema":{"@context":"https:\/\/schema.org","@graph":[{"@type":"WebPage","@id":"https:\/\/www.enscmu.uha.fr\/index.php\/admission-sur-titre-2e-annee\/","url":"https:\/\/www.enscmu.uha.fr\/index.php\/admission-sur-titre-2e-annee\/","name":"ADMISSION SUR TITRE 2E ANNEE - ENSCMu","isPartOf":{"@id":"https:\/\/www.enscmu.uha.fr\/#website"},"datePublished":"2018-01-22T10:01:33+00:00","dateModified":"2024-11-14T15:41:27+00:00","description":"L\u2019admission sur titre en 2e ann\u00e9e de cycle ing\u00e9nieur est ouverte aux titulaires d\u2019un Master M1 de Chimie, Chimie-Physique ou Sciences et Techniques.","breadcrumb":{"@id":"https:\/\/www.enscmu.uha.fr\/index.php\/admission-sur-titre-2e-annee\/#breadcrumb"},"inLanguage":"fr-FR","potentialAction":[{"@type":"ReadAction","target":["https:\/\/www.enscmu.uha.fr\/index.php\/admission-sur-titre-2e-annee\/"]}]},{"@type":"BreadcrumbList","@id":"https:\/\/www.enscmu.uha.fr\/index.php\/admission-sur-titre-2e-annee\/#breadcrumb","itemListElement":[{"@type":"ListItem","position":1,"name":"Accueil","item":"https:\/\/www.enscmu.uha.fr\/"},{"@type":"ListItem","position":2,"name":"ADMISSION SUR TITRE 2E ANNEE"}]},{"@type":"WebSite","@id":"https:\/\/www.enscmu.uha.fr\/#website","url":"https:\/\/www.enscmu.uha.fr\/","name":"ENSCMu | \u00c9cole Nationale Sup\u00e9rieure de Chimie de Mulhouse","description":"Campus Illberg | Universit\u00e9 de Haute-Alsace","potentialAction":[{"@type":"SearchAction","target":{"@type":"EntryPoint","urlTemplate":"https:\/\/www.enscmu.uha.fr\/?s={search_term_string}"},"query-input":{"@type":"PropertyValueSpecification","valueRequired":true,"valueName":"search_term_string"}}],"inLanguage":"fr-FR"}]}},"_links":{"self":[{"href":"https:\/\/www.enscmu.uha.fr\/index.php\/wp-json\/wp\/v2\/pages\/771","targetHints":{"allow":["GET"]}}],"collection":[{"href":"https:\/\/www.enscmu.uha.fr\/index.php\/wp-json\/wp\/v2\/pages"}],"about":[{"href":"https:\/\/www.enscmu.uha.fr\/index.php\/wp-json\/wp\/v2\/types\/page"}],"author":[{"embeddable":true,"href":"https:\/\/www.enscmu.uha.fr\/index.php\/wp-json\/wp\/v2\/users\/2"}],"replies":[{"embeddable":true,"href":"https:\/\/www.enscmu.uha.fr\/index.php\/wp-json\/wp\/v2\/comments?post=771"}],"version-history":[{"count":75,"href":"https:\/\/www.enscmu.uha.fr\/index.php\/wp-json\/wp\/v2\/pages\/771\/revisions"}],"predecessor-version":[{"id":5029,"href":"https:\/\/www.enscmu.uha.fr\/index.php\/wp-json\/wp\/v2\/pages\/771\/revisions\/5029"}],"wp:attachment":[{"href":"https:\/\/www.enscmu.uha.fr\/index.php\/wp-json\/wp\/v2\/media?parent=771"}],"wp:term":[{"taxonomy":"category","embeddable":true,"href":"https:\/\/www.enscmu.uha.fr\/index.php\/wp-json\/wp\/v2\/categories?post=771"},{"taxonomy":"post_tag","embeddable":true,"href":"https:\/\/www.enscmu.uha.fr\/index.php\/wp-json\/wp\/v2\/tags?post=771"}],"curies":[{"name":"wp","href":"https:\/\/api.w.org\/{rel}","templated":true}]}}