{"id":81,"date":"2017-12-12T15:57:17","date_gmt":"2017-12-12T14:57:17","guid":{"rendered":"https:\/\/www.enscmu.uha.fr\/?page_id=81"},"modified":"2020-02-10T16:16:04","modified_gmt":"2020-02-10T15:16:04","slug":"reseau-des-diplomes","status":"publish","type":"page","link":"https:\/\/www.enscmu.uha.fr\/index.php\/vie-etudiante\/reseau-des-diplomes\/","title":{"rendered":"R\u00c9SEAU DES DIPL\u00d4M\u00c9S"},"content":{"rendered":"<p>Les dipl\u00f4m\u00e9s de l\u2019ENSCMu constituent un r\u00e9seau riche d\u2019enseignement et de soutien pour les futurs \u00e9tudiants.<\/p>\n<p>Ils interviennent devant les \u00e9l\u00e8ves ing\u00e9nieurs pour partager leurs connaissances, leur exp\u00e9rience et la r\u00e9alit\u00e9 de leur m\u00e9tier. De cette fa\u00e7on les dipl\u00f4m\u00e9s de l\u2019ENSCMu font d\u00e9couvrir la diversit\u00e9 des m\u00e9tiers et secteurs d\u2019activit\u00e9s accessibles dans la chimie. Ils participent \u00e0 la construction du projet professionnel des \u00e9l\u00e8ves ing\u00e9nieurs.<\/p>\n<p>De m\u00eame, l\u2019ENSCMu aide les jeunes dipl\u00f4m\u00e9s dans leur insertion professionnnelle en leur proposant un service placement auquel ils peuvent adh\u00e9rer pendant trois ans apr\u00e8s l\u2019obtention du dipl\u00f4me.<\/p>\n<figure id=\"attachment_282\" aria-describedby=\"caption-attachment-282\" style=\"width: 182px\" class=\"wp-caption alignleft\"><img loading=\"lazy\" decoding=\"async\" class=\" wp-image-282\" src=\"https:\/\/www.enscmu.uha.fr\/wp-content\/uploads\/2017\/12\/Amicale-chimie-mulhouse-283x300.jpg\" alt=\"Amicale chimie Mulhouse\" width=\"182\" height=\"193\" srcset=\"https:\/\/www.enscmu.uha.fr\/wp-content\/uploads\/2017\/12\/Amicale-chimie-mulhouse-283x300.jpg 283w, https:\/\/www.enscmu.uha.fr\/wp-content\/uploads\/2017\/12\/Amicale-chimie-mulhouse.jpg 518w\" sizes=\"auto, (max-width: 182px) 100vw, 182px\" \/><figcaption id=\"caption-attachment-282\" class=\"wp-caption-text\">Amicale chimie Mulhouse<\/figcaption><\/figure>\n<p>Les dipl\u00f4m\u00e9s peuvent adh\u00e9rer \u00e0 l\u2019<a href=\"http:\/\/www.chimiemulhouse.fr\/\" target=\"_blank\" rel=\"noopener noreferrer\">Amicale Chimie Mulhouse<\/a>, association g\u00e9r\u00e9e par un Comit\u00e9 et pr\u00e9sid\u00e9e par Emmanuel Hernandez. Les adh\u00e9rents b\u00e9n\u00e9ficient des services de l\u2019Amicale, qui a vocation \u00e0 apporter son aide \u00e0 ses membres, \u00e0 l\u2019\u00e9cole et \u00e0 ses \u00e9l\u00e8ves.<\/p>\n","protected":false},"excerpt":{"rendered":"<p>Les dipl\u00f4m\u00e9s de l\u2019ENSCMu constituent un r\u00e9seau riche d\u2019enseignement et de soutien pour les futurs \u00e9tudiants. Ils interviennent devant les \u00e9l\u00e8ves ing\u00e9nieurs pour partager leurs connaissances, leur exp\u00e9rience et la r\u00e9alit\u00e9 de leur m\u00e9tier. De cette fa\u00e7on les dipl\u00f4m\u00e9s de l\u2019ENSCMu font d\u00e9couvrir la diversit\u00e9 des m\u00e9tiers et secteurs d\u2019activit\u00e9s accessibles dans la chimie. Ils [&hellip;]<\/p>\n","protected":false},"author":1,"featured_media":0,"parent":73,"menu_order":0,"comment_status":"closed","ping_status":"closed","template":"","meta":{"footnotes":""},"categories":[5],"tags":[],"class_list":["post-81","page","type-page","status-publish","hentry","category-futurs-etudiants"],"yoast_head":"<!-- This site is optimized with the Yoast SEO plugin v27.4 - https:\/\/yoast.com\/product\/yoast-seo-wordpress\/ -->\n<title>R\u00c9SEAU DES DIPL\u00d4M\u00c9S - ENSCMu<\/title>\n<meta name=\"robots\" content=\"index, follow, max-snippet:-1, max-image-preview:large, max-video-preview:-1\" \/>\n<link rel=\"canonical\" href=\"https:\/\/www.enscmu.uha.fr\/index.php\/vie-etudiante\/reseau-des-diplomes\/\" \/>\n<meta property=\"og:locale\" content=\"fr_FR\" \/>\n<meta property=\"og:type\" content=\"article\" \/>\n<meta property=\"og:title\" content=\"R\u00c9SEAU DES DIPL\u00d4M\u00c9S - ENSCMu\" \/>\n<meta property=\"og:description\" content=\"Les dipl\u00f4m\u00e9s de l\u2019ENSCMu constituent un r\u00e9seau riche d\u2019enseignement et de soutien pour les futurs \u00e9tudiants. Ils interviennent devant les \u00e9l\u00e8ves ing\u00e9nieurs pour partager leurs connaissances, leur exp\u00e9rience et la r\u00e9alit\u00e9 de leur m\u00e9tier. De cette fa\u00e7on les dipl\u00f4m\u00e9s de l\u2019ENSCMu font d\u00e9couvrir la diversit\u00e9 des m\u00e9tiers et secteurs d\u2019activit\u00e9s accessibles dans la chimie. Ils [&hellip;]\" \/>\n<meta property=\"og:url\" content=\"https:\/\/www.enscmu.uha.fr\/index.php\/vie-etudiante\/reseau-des-diplomes\/\" \/>\n<meta property=\"og:site_name\" content=\"ENSCMu | \u00c9cole Nationale Sup\u00e9rieure de Chimie de Mulhouse\" \/>\n<meta property=\"article:modified_time\" content=\"2020-02-10T15:16:04+00:00\" \/>\n<meta property=\"og:image\" content=\"https:\/\/www.enscmu.uha.fr\/wp-content\/uploads\/2017\/12\/Amicale-chimie-mulhouse-283x300.jpg\" \/>\n<meta name=\"twitter:card\" content=\"summary_large_image\" \/>\n<meta name=\"twitter:label1\" content=\"Dur\u00e9e de lecture estim\u00e9e\" \/>\n\t<meta name=\"twitter:data1\" content=\"1 minute\" \/>\n<script type=\"application\/ld+json\" class=\"yoast-schema-graph\">{\"@context\":\"https:\\\/\\\/schema.org\",\"@graph\":[{\"@type\":\"WebPage\",\"@id\":\"https:\\\/\\\/www.enscmu.uha.fr\\\/index.php\\\/vie-etudiante\\\/reseau-des-diplomes\\\/\",\"url\":\"https:\\\/\\\/www.enscmu.uha.fr\\\/index.php\\\/vie-etudiante\\\/reseau-des-diplomes\\\/\",\"name\":\"R\u00c9SEAU DES DIPL\u00d4M\u00c9S - ENSCMu\",\"isPartOf\":{\"@id\":\"https:\\\/\\\/www.enscmu.uha.fr\\\/#website\"},\"primaryImageOfPage\":{\"@id\":\"https:\\\/\\\/www.enscmu.uha.fr\\\/index.php\\\/vie-etudiante\\\/reseau-des-diplomes\\\/#primaryimage\"},\"image\":{\"@id\":\"https:\\\/\\\/www.enscmu.uha.fr\\\/index.php\\\/vie-etudiante\\\/reseau-des-diplomes\\\/#primaryimage\"},\"thumbnailUrl\":\"https:\\\/\\\/www.enscmu.uha.fr\\\/wp-content\\\/uploads\\\/2017\\\/12\\\/Amicale-chimie-mulhouse-283x300.jpg\",\"datePublished\":\"2017-12-12T14:57:17+00:00\",\"dateModified\":\"2020-02-10T15:16:04+00:00\",\"breadcrumb\":{\"@id\":\"https:\\\/\\\/www.enscmu.uha.fr\\\/index.php\\\/vie-etudiante\\\/reseau-des-diplomes\\\/#breadcrumb\"},\"inLanguage\":\"fr-FR\",\"potentialAction\":[{\"@type\":\"ReadAction\",\"target\":[\"https:\\\/\\\/www.enscmu.uha.fr\\\/index.php\\\/vie-etudiante\\\/reseau-des-diplomes\\\/\"]}]},{\"@type\":\"ImageObject\",\"inLanguage\":\"fr-FR\",\"@id\":\"https:\\\/\\\/www.enscmu.uha.fr\\\/index.php\\\/vie-etudiante\\\/reseau-des-diplomes\\\/#primaryimage\",\"url\":\"https:\\\/\\\/www.enscmu.uha.fr\\\/wp-content\\\/uploads\\\/2017\\\/12\\\/Amicale-chimie-mulhouse.jpg\",\"contentUrl\":\"https:\\\/\\\/www.enscmu.uha.fr\\\/wp-content\\\/uploads\\\/2017\\\/12\\\/Amicale-chimie-mulhouse.jpg\",\"width\":518,\"height\":549,\"caption\":\"Amicale chimie Mulhouse\"},{\"@type\":\"BreadcrumbList\",\"@id\":\"https:\\\/\\\/www.enscmu.uha.fr\\\/index.php\\\/vie-etudiante\\\/reseau-des-diplomes\\\/#breadcrumb\",\"itemListElement\":[{\"@type\":\"ListItem\",\"position\":1,\"name\":\"Accueil\",\"item\":\"https:\\\/\\\/www.enscmu.uha.fr\\\/\"},{\"@type\":\"ListItem\",\"position\":2,\"name\":\"VIE \u00c9TUDIANTE\",\"item\":\"https:\\\/\\\/www.enscmu.uha.fr\\\/index.php\\\/vie-etudiante\\\/\"},{\"@type\":\"ListItem\",\"position\":3,\"name\":\"R\u00c9SEAU DES DIPL\u00d4M\u00c9S\"}]},{\"@type\":\"WebSite\",\"@id\":\"https:\\\/\\\/www.enscmu.uha.fr\\\/#website\",\"url\":\"https:\\\/\\\/www.enscmu.uha.fr\\\/\",\"name\":\"ENSCMu | \u00c9cole Nationale Sup\u00e9rieure de Chimie de Mulhouse\",\"description\":\"Campus Illberg | Universit\u00e9 de Haute-Alsace\",\"potentialAction\":[{\"@type\":\"SearchAction\",\"target\":{\"@type\":\"EntryPoint\",\"urlTemplate\":\"https:\\\/\\\/www.enscmu.uha.fr\\\/?s={search_term_string}\"},\"query-input\":{\"@type\":\"PropertyValueSpecification\",\"valueRequired\":true,\"valueName\":\"search_term_string\"}}],\"inLanguage\":\"fr-FR\"}]}<\/script>\n<!-- \/ Yoast SEO plugin. -->","yoast_head_json":{"title":"R\u00c9SEAU DES DIPL\u00d4M\u00c9S - ENSCMu","robots":{"index":"index","follow":"follow","max-snippet":"max-snippet:-1","max-image-preview":"max-image-preview:large","max-video-preview":"max-video-preview:-1"},"canonical":"https:\/\/www.enscmu.uha.fr\/index.php\/vie-etudiante\/reseau-des-diplomes\/","og_locale":"fr_FR","og_type":"article","og_title":"R\u00c9SEAU DES DIPL\u00d4M\u00c9S - ENSCMu","og_description":"Les dipl\u00f4m\u00e9s de l\u2019ENSCMu constituent un r\u00e9seau riche d\u2019enseignement et de soutien pour les futurs \u00e9tudiants. Ils interviennent devant les \u00e9l\u00e8ves ing\u00e9nieurs pour partager leurs connaissances, leur exp\u00e9rience et la r\u00e9alit\u00e9 de leur m\u00e9tier. De cette fa\u00e7on les dipl\u00f4m\u00e9s de l\u2019ENSCMu font d\u00e9couvrir la diversit\u00e9 des m\u00e9tiers et secteurs d\u2019activit\u00e9s accessibles dans la chimie. Ils [&hellip;]","og_url":"https:\/\/www.enscmu.uha.fr\/index.php\/vie-etudiante\/reseau-des-diplomes\/","og_site_name":"ENSCMu | \u00c9cole Nationale Sup\u00e9rieure de Chimie de Mulhouse","article_modified_time":"2020-02-10T15:16:04+00:00","og_image":[{"url":"https:\/\/www.enscmu.uha.fr\/wp-content\/uploads\/2017\/12\/Amicale-chimie-mulhouse-283x300.jpg","type":"","width":"","height":""}],"twitter_card":"summary_large_image","twitter_misc":{"Dur\u00e9e de lecture estim\u00e9e":"1 minute"},"schema":{"@context":"https:\/\/schema.org","@graph":[{"@type":"WebPage","@id":"https:\/\/www.enscmu.uha.fr\/index.php\/vie-etudiante\/reseau-des-diplomes\/","url":"https:\/\/www.enscmu.uha.fr\/index.php\/vie-etudiante\/reseau-des-diplomes\/","name":"R\u00c9SEAU DES DIPL\u00d4M\u00c9S - ENSCMu","isPartOf":{"@id":"https:\/\/www.enscmu.uha.fr\/#website"},"primaryImageOfPage":{"@id":"https:\/\/www.enscmu.uha.fr\/index.php\/vie-etudiante\/reseau-des-diplomes\/#primaryimage"},"image":{"@id":"https:\/\/www.enscmu.uha.fr\/index.php\/vie-etudiante\/reseau-des-diplomes\/#primaryimage"},"thumbnailUrl":"https:\/\/www.enscmu.uha.fr\/wp-content\/uploads\/2017\/12\/Amicale-chimie-mulhouse-283x300.jpg","datePublished":"2017-12-12T14:57:17+00:00","dateModified":"2020-02-10T15:16:04+00:00","breadcrumb":{"@id":"https:\/\/www.enscmu.uha.fr\/index.php\/vie-etudiante\/reseau-des-diplomes\/#breadcrumb"},"inLanguage":"fr-FR","potentialAction":[{"@type":"ReadAction","target":["https:\/\/www.enscmu.uha.fr\/index.php\/vie-etudiante\/reseau-des-diplomes\/"]}]},{"@type":"ImageObject","inLanguage":"fr-FR","@id":"https:\/\/www.enscmu.uha.fr\/index.php\/vie-etudiante\/reseau-des-diplomes\/#primaryimage","url":"https:\/\/www.enscmu.uha.fr\/wp-content\/uploads\/2017\/12\/Amicale-chimie-mulhouse.jpg","contentUrl":"https:\/\/www.enscmu.uha.fr\/wp-content\/uploads\/2017\/12\/Amicale-chimie-mulhouse.jpg","width":518,"height":549,"caption":"Amicale chimie Mulhouse"},{"@type":"BreadcrumbList","@id":"https:\/\/www.enscmu.uha.fr\/index.php\/vie-etudiante\/reseau-des-diplomes\/#breadcrumb","itemListElement":[{"@type":"ListItem","position":1,"name":"Accueil","item":"https:\/\/www.enscmu.uha.fr\/"},{"@type":"ListItem","position":2,"name":"VIE \u00c9TUDIANTE","item":"https:\/\/www.enscmu.uha.fr\/index.php\/vie-etudiante\/"},{"@type":"ListItem","position":3,"name":"R\u00c9SEAU DES DIPL\u00d4M\u00c9S"}]},{"@type":"WebSite","@id":"https:\/\/www.enscmu.uha.fr\/#website","url":"https:\/\/www.enscmu.uha.fr\/","name":"ENSCMu | \u00c9cole Nationale Sup\u00e9rieure de Chimie de Mulhouse","description":"Campus Illberg | Universit\u00e9 de Haute-Alsace","potentialAction":[{"@type":"SearchAction","target":{"@type":"EntryPoint","urlTemplate":"https:\/\/www.enscmu.uha.fr\/?s={search_term_string}"},"query-input":{"@type":"PropertyValueSpecification","valueRequired":true,"valueName":"search_term_string"}}],"inLanguage":"fr-FR"}]}},"_links":{"self":[{"href":"https:\/\/www.enscmu.uha.fr\/index.php\/wp-json\/wp\/v2\/pages\/81","targetHints":{"allow":["GET"]}}],"collection":[{"href":"https:\/\/www.enscmu.uha.fr\/index.php\/wp-json\/wp\/v2\/pages"}],"about":[{"href":"https:\/\/www.enscmu.uha.fr\/index.php\/wp-json\/wp\/v2\/types\/page"}],"author":[{"embeddable":true,"href":"https:\/\/www.enscmu.uha.fr\/index.php\/wp-json\/wp\/v2\/users\/1"}],"replies":[{"embeddable":true,"href":"https:\/\/www.enscmu.uha.fr\/index.php\/wp-json\/wp\/v2\/comments?post=81"}],"version-history":[{"count":7,"href":"https:\/\/www.enscmu.uha.fr\/index.php\/wp-json\/wp\/v2\/pages\/81\/revisions"}],"predecessor-version":[{"id":2119,"href":"https:\/\/www.enscmu.uha.fr\/index.php\/wp-json\/wp\/v2\/pages\/81\/revisions\/2119"}],"up":[{"embeddable":true,"href":"https:\/\/www.enscmu.uha.fr\/index.php\/wp-json\/wp\/v2\/pages\/73"}],"wp:attachment":[{"href":"https:\/\/www.enscmu.uha.fr\/index.php\/wp-json\/wp\/v2\/media?parent=81"}],"wp:term":[{"taxonomy":"category","embeddable":true,"href":"https:\/\/www.enscmu.uha.fr\/index.php\/wp-json\/wp\/v2\/categories?post=81"},{"taxonomy":"post_tag","embeddable":true,"href":"https:\/\/www.enscmu.uha.fr\/index.php\/wp-json\/wp\/v2\/tags?post=81"}],"curies":[{"name":"wp","href":"https:\/\/api.w.org\/{rel}","templated":true}]}}