{"id":83,"date":"2017-12-12T15:57:33","date_gmt":"2017-12-12T14:57:33","guid":{"rendered":"https:\/\/www.enscmu.uha.fr\/?page_id=83"},"modified":"2026-02-16T12:06:15","modified_gmt":"2026-02-16T11:06:15","slug":"contacts-acces","status":"publish","type":"page","link":"https:\/\/www.enscmu.uha.fr\/index.php\/contacts-acces\/","title":{"rendered":"CONTACTS &#8211; ACC\u00c8S"},"content":{"rendered":"<div class=\"deflex main\" style=\"display: flex;\">\n<div class=\"deborder\" style=\"width: 70%; margin-left: auto; margin-right: auto; padding-right: 5%;\">\n<h1>Contactez le service de votre choix<\/h1>\n<figure id=\"attachment_304\" aria-describedby=\"caption-attachment-304\" style=\"width: 200px\" class=\"wp-caption alignright\"><img loading=\"lazy\" decoding=\"async\" class=\"size-medium wp-image-304\" src=\"https:\/\/www.enscmu.uha.fr\/wp-content\/uploads\/2017\/12\/ENSCMu-facade-Werner\u00a9GregoryTachet-200x300.jpg\" alt=\"ENSCMu fa\u00e7ade Werner\" width=\"200\" height=\"300\" srcset=\"https:\/\/www.enscmu.uha.fr\/wp-content\/uploads\/2017\/12\/ENSCMu-facade-Werner\u00a9GregoryTachet-200x300.jpg 200w, https:\/\/www.enscmu.uha.fr\/wp-content\/uploads\/2017\/12\/ENSCMu-facade-Werner\u00a9GregoryTachet-768x1151.jpg 768w, https:\/\/www.enscmu.uha.fr\/wp-content\/uploads\/2017\/12\/ENSCMu-facade-Werner\u00a9GregoryTachet-683x1024.jpg 683w, https:\/\/www.enscmu.uha.fr\/wp-content\/uploads\/2017\/12\/ENSCMu-facade-Werner\u00a9GregoryTachet.jpg 788w\" sizes=\"auto, (max-width: 200px) 100vw, 200px\" \/><figcaption id=\"caption-attachment-304\" class=\"wp-caption-text\">\u00a9GregoryTachet<\/figcaption><\/figure>\n<ul>\n<li>Communication et relations m\u00e9dias : <a href=\"mailto:communication.enscmu@uha.fr\">communication.enscmu@uha.fr<\/a> \/ 0389336746<\/li>\n<li>Scolarit\u00e9 : <a href=\"mailto:scolarite.enscmu@uha.fr\">scolarite.enscmu@uha.fr<\/a> \/ 0389336814<\/li>\n<li>Apprentissage : <a href=\"mailto:apprentissage.enscmu@uha.fr\">apprentissage.enscmu@uha.fr<\/a> \/ 0389336843<\/li>\n<li>Cycle post-bac de l&rsquo;ENSCMu : <a href=\"mailto:cycle-postbac.enscmu@uha.fr\">cycle-postbac.enscmu@uha.fr<\/a> \/ 0389336814<\/li>\n<li>Relations entreprises, stages, placement : <a href=\"mailto:estelle.lena@uha.fr\">estelle.lena@uha.fr<\/a> \/ 0389336843<\/li>\n<li>Relations internationales : <a href=\"mailto:international.enscmu@uha.fr\">international.enscmu@uha.fr<\/a><\/li>\n<li>Bureau des \u00e9l\u00e8ves : <a href=\"mailto:bde.enscmu@uha.fr\">bde.enscmu@uha.fr<\/a><\/li>\n<\/ul>\n<p>Consultez l&rsquo;<a href=\"https:\/\/www.enscmu.uha.fr\/wp-content\/uploads\/2025\/08\/organigramme-ENSCMu.pdf\" target=\"_blank\" rel=\"noopener noreferrer\">Organigramme de l&rsquo;ENSCMu<\/a>.<\/p>\n<h1>Acc\u00e9der \u00e0 l&rsquo;ENSCMu<\/h1>\n<p><a href=\"https:\/\/www.google.com\/maps\/place\/%C3%89cole+Nationale+Sup%C3%A9rieure+de+Chimie+de+Mulhouse+(ENSCMu)+-+Universit%C3%A9+de+Haute-Alsace\/@47.7322447,7.3122127,17.5z\/data=!4m5!3m4!1s0x47919b21e7fc8239:0xb4ee0c748bfee0d8!8m2!3d47.732441!4d7.312086\" target=\"_blank\" rel=\"noopener\"><img loading=\"lazy\" decoding=\"async\" class=\"aligncenter wp-image-3181 size-large\" src=\"https:\/\/www.enscmu.uha.fr\/wp-content\/uploads\/2021\/03\/carte-enscmu-1024x722.jpg\" alt=\"ENSCMu - Google Maps\" width=\"750\" height=\"529\" srcset=\"https:\/\/www.enscmu.uha.fr\/wp-content\/uploads\/2021\/03\/carte-enscmu-1024x722.jpg 1024w, https:\/\/www.enscmu.uha.fr\/wp-content\/uploads\/2021\/03\/carte-enscmu-300x211.jpg 300w, https:\/\/www.enscmu.uha.fr\/wp-content\/uploads\/2021\/03\/carte-enscmu-768x541.jpg 768w, https:\/\/www.enscmu.uha.fr\/wp-content\/uploads\/2021\/03\/carte-enscmu-1536x1082.jpg 1536w, https:\/\/www.enscmu.uha.fr\/wp-content\/uploads\/2021\/03\/carte-enscmu-2048x1443.jpg 2048w\" sizes=\"auto, (max-width: 750px) 100vw, 750px\" \/><\/a><\/p>\n<ul>\n<li>En avion :<br \/>\nA\u00e9roport : Euroaiport B\u00e2le-Mulhouse<br \/>\nBus Gare de Mulhouse &#8211; Universit\u00e9 (20 mn)<br \/>\n<a href=\"https:\/\/www.euroairport.com\/fr\/\" target=\"_blank\" rel=\"noopener noreferrer\">www.euroairport.com<\/a><\/li>\n<li>En train :<br \/>\nLiaisons r\u00e9guli\u00e8res Paris-Mulhouse (3h30) et Strasbourg-Mulhouse (1h00)<br \/>\nBus Gare de Mulhouse &#8211; Universit\u00e9 (20 mn)<br \/>\n<a href=\"http:\/\/www.sncf.com\/\" target=\"_blank\" rel=\"noopener noreferrer\">www.sncf.com<\/a><\/li>\n<li>Par la route :<br \/>\nMulhouse se trouve \u00e0 la jonction des autoroutes A36 (5 h de Paris) et A35.<br \/>\nDepuis l&rsquo;autoroute, sortie \u00ab Les Coteaux \u00bb vers la RD 68 (voie rapide).<br \/>\nSortie n\u00b03 (Mulhouse Centre, Brunstatt).<\/li>\n<li>En tramway :<br \/>\nDepuis la Gare : ligne 1 direction \u00ab\u00a0Chataignier\u00a0\u00bb, sortir \u00e0 \u00ab\u00a0Porte Jeune\u00a0\u00bb, puis ligne 2 direction \u00ab\u00a0Coteaux\u00a0\u00bb, sortir \u00e0 \u00ab\u00a0Universit\u00e9\u00a0\u00bb.<\/li>\n<li>En tram train :<br \/>\nLe Tram train relie Thann \u00e0 la gare de Mulhouse en passant par l&rsquo;arr\u00eat \u00ab\u00a0Daguerre\u00a0\u00bb.<\/li>\n<li>En bus :<br \/>\nligne 14 &#8211; arr\u00eat CCI Campus<br \/>\nlignes 13, 51 et 52 &#8211; arr\u00eat Universit\u00e9<\/li>\n<\/ul>\n<p>D\u00e9couvrez la <a href=\"http:\/\/carto.solea.info\/\" target=\"_blank\" rel=\"noopener noreferrer\">carte interactive des lignes Solea<\/a> et <a href=\"http:\/\/www.solea.info\/se-deplacer\/horaires-des-lignes\/votre-itineraire\" target=\"_blank\" rel=\"noopener noreferrer\">recherchez votre itin\u00e9raire<\/a>.<\/p>\n<p>D\u00e9couvrez le <a href=\"https:\/\/www.compte-mobilite.fr\/comment-ca-marche\/\" target=\"_blank\" rel=\"noopener\">Compte Mobilit\u00e9<\/a>, une application d\u00e9velopp\u00e9e par Mulhouse Alsace Agglom\u00e9ration (m2A) qui regroupe tous les services de mobilit\u00e9 pour faciliter vos d\u00e9placements dans l\u2019agglom\u00e9ration sur une seule et m\u00eame plateforme (v\u00e9los en libre-service, bus et tram, parking, etc). L&rsquo;application est disponible sur l\u2019App Store et Play Store.<span id=\"OBJ_PREFIX_DWT5419_com_zimbra_url\" class=\"Object\" role=\"link\"><\/span><\/p>\n<h1>Visiter l&rsquo;ENSCMu<\/h1>\n<p>Acc\u00e9dez \u00e0 la <a href=\"https:\/\/www.enscmu.uha.fr\/visiteenscmu\/\" target=\"_blank\" rel=\"noopener noreferrer\">visite virtuelle de l&rsquo;\u00e9cole<\/a>.<\/p>\n<\/div>\n<div style=\"width: 27.5%; margin-left: auto; margin-right: auto;\">\n<div class=\"su-service\"><div class=\"su-service-title\" style=\"padding-left:46px;min-height:32px;line-height:32px\"><i class=\"sui sui-download\" style=\"font-size:32px;color:#CE0075\"><\/i> A t\u00e9l\u00e9charger<\/div><div class=\"su-service-content su-u-clearfix su-u-trim\" style=\"padding-left:46px\"><a href=\"https:\/\/www.enscmu.uha.fr\/wp-content\/uploads\/2021\/02\/Plan-Campus-Illberg_02.21.pdf\" target=\"_blank\" rel=\"noopener noreferrer\">Plan campus Illberg UHA &#8211; ENSCMu b\u00e2timent P<\/a><\/div><\/div>\n<div class=\"su-service\"><div class=\"su-service-title\" style=\"padding-left:46px;min-height:32px;line-height:32px\"><i class=\"sui sui-download\" style=\"font-size:32px;color:#CE0075\"><\/i> A t\u00e9l\u00e9charger<\/div><div class=\"su-service-content su-u-clearfix su-u-trim\" style=\"padding-left:46px\"><a href=\"https:\/\/www.enscmu.uha.fr\/wp-content\/uploads\/2025\/06\/organigramme-FONCTIONNEL-ENSCMu-OK_01.02.25_par-pole.pdf\">Organigramme ENSCMu<\/a><\/div><\/div>\n<\/div>\n<\/div>\n","protected":false},"excerpt":{"rendered":"<p>Contactez le service de votre choix Communication et relations m\u00e9dias : communication.enscmu@uha.fr \/ 0389336746 Scolarit\u00e9 : scolarite.enscmu@uha.fr \/ 0389336814 Apprentissage : apprentissage.enscmu@uha.fr \/ 0389336843 Cycle post-bac de l&rsquo;ENSCMu : cycle-postbac.enscmu@uha.fr \/ 0389336814 Relations entreprises, stages, placement : estelle.lena@uha.fr \/ 0389336843 Relations internationales : international.enscmu@uha.fr Bureau des \u00e9l\u00e8ves : bde.enscmu@uha.fr Consultez l&rsquo;Organigramme de l&rsquo;ENSCMu. Acc\u00e9der \u00e0 [&hellip;]<\/p>\n","protected":false},"author":1,"featured_media":304,"parent":0,"menu_order":0,"comment_status":"closed","ping_status":"closed","template":"","meta":{"footnotes":""},"categories":[],"tags":[],"class_list":["post-83","page","type-page","status-publish","has-post-thumbnail","hentry"],"yoast_head":"<!-- This site is optimized with the Yoast SEO plugin v27.0 - https:\/\/yoast.com\/product\/yoast-seo-wordpress\/ -->\n<title>CONTACTS - ACC\u00c8S - ENSCMu<\/title>\n<meta name=\"description\" content=\"contacts services acc\u00e8s plan\" \/>\n<meta name=\"robots\" content=\"index, follow, max-snippet:-1, max-image-preview:large, max-video-preview:-1\" \/>\n<link rel=\"canonical\" href=\"https:\/\/www.enscmu.uha.fr\/index.php\/contacts-acces\/\" \/>\n<meta property=\"og:locale\" content=\"fr_FR\" \/>\n<meta property=\"og:type\" content=\"article\" \/>\n<meta property=\"og:title\" content=\"CONTACTS - ACC\u00c8S - ENSCMu\" \/>\n<meta property=\"og:description\" content=\"contacts services acc\u00e8s plan\" \/>\n<meta property=\"og:url\" content=\"https:\/\/www.enscmu.uha.fr\/index.php\/contacts-acces\/\" \/>\n<meta property=\"og:site_name\" content=\"ENSCMu | \u00c9cole Nationale Sup\u00e9rieure de Chimie de Mulhouse\" \/>\n<meta property=\"article:modified_time\" content=\"2026-02-16T11:06:15+00:00\" \/>\n<meta property=\"og:image\" content=\"https:\/\/www.enscmu.uha.fr\/wp-content\/uploads\/2017\/12\/ENSCMu-facade-Werner\u00a9GregoryTachet.jpg\" \/>\n\t<meta property=\"og:image:width\" content=\"788\" \/>\n\t<meta property=\"og:image:height\" content=\"1181\" \/>\n\t<meta property=\"og:image:type\" content=\"image\/jpeg\" \/>\n<meta name=\"twitter:card\" content=\"summary_large_image\" \/>\n<meta name=\"twitter:label1\" content=\"Dur\u00e9e de lecture estim\u00e9e\" \/>\n\t<meta name=\"twitter:data1\" content=\"2 minutes\" \/>\n<script type=\"application\/ld+json\" class=\"yoast-schema-graph\">{\"@context\":\"https:\/\/schema.org\",\"@graph\":[{\"@type\":\"WebPage\",\"@id\":\"https:\/\/www.enscmu.uha.fr\/index.php\/contacts-acces\/\",\"url\":\"https:\/\/www.enscmu.uha.fr\/index.php\/contacts-acces\/\",\"name\":\"CONTACTS - ACC\u00c8S - ENSCMu\",\"isPartOf\":{\"@id\":\"https:\/\/www.enscmu.uha.fr\/#website\"},\"primaryImageOfPage\":{\"@id\":\"https:\/\/www.enscmu.uha.fr\/index.php\/contacts-acces\/#primaryimage\"},\"image\":{\"@id\":\"https:\/\/www.enscmu.uha.fr\/index.php\/contacts-acces\/#primaryimage\"},\"thumbnailUrl\":\"https:\/\/www.enscmu.uha.fr\/wp-content\/uploads\/2017\/12\/ENSCMu-facade-Werner\u00a9GregoryTachet.jpg\",\"datePublished\":\"2017-12-12T14:57:33+00:00\",\"dateModified\":\"2026-02-16T11:06:15+00:00\",\"description\":\"contacts services acc\u00e8s plan\",\"breadcrumb\":{\"@id\":\"https:\/\/www.enscmu.uha.fr\/index.php\/contacts-acces\/#breadcrumb\"},\"inLanguage\":\"fr-FR\",\"potentialAction\":[{\"@type\":\"ReadAction\",\"target\":[\"https:\/\/www.enscmu.uha.fr\/index.php\/contacts-acces\/\"]}]},{\"@type\":\"ImageObject\",\"inLanguage\":\"fr-FR\",\"@id\":\"https:\/\/www.enscmu.uha.fr\/index.php\/contacts-acces\/#primaryimage\",\"url\":\"https:\/\/www.enscmu.uha.fr\/wp-content\/uploads\/2017\/12\/ENSCMu-facade-Werner\u00a9GregoryTachet.jpg\",\"contentUrl\":\"https:\/\/www.enscmu.uha.fr\/wp-content\/uploads\/2017\/12\/ENSCMu-facade-Werner\u00a9GregoryTachet.jpg\",\"width\":788,\"height\":1181,\"caption\":\"\u00a9GregoryTachet\"},{\"@type\":\"BreadcrumbList\",\"@id\":\"https:\/\/www.enscmu.uha.fr\/index.php\/contacts-acces\/#breadcrumb\",\"itemListElement\":[{\"@type\":\"ListItem\",\"position\":1,\"name\":\"Accueil\",\"item\":\"https:\/\/www.enscmu.uha.fr\/\"},{\"@type\":\"ListItem\",\"position\":2,\"name\":\"CONTACTS &#8211; ACC\u00c8S\"}]},{\"@type\":\"WebSite\",\"@id\":\"https:\/\/www.enscmu.uha.fr\/#website\",\"url\":\"https:\/\/www.enscmu.uha.fr\/\",\"name\":\"ENSCMu | \u00c9cole Nationale Sup\u00e9rieure de Chimie de Mulhouse\",\"description\":\"Campus Illberg | Universit\u00e9 de Haute-Alsace\",\"potentialAction\":[{\"@type\":\"SearchAction\",\"target\":{\"@type\":\"EntryPoint\",\"urlTemplate\":\"https:\/\/www.enscmu.uha.fr\/?s={search_term_string}\"},\"query-input\":{\"@type\":\"PropertyValueSpecification\",\"valueRequired\":true,\"valueName\":\"search_term_string\"}}],\"inLanguage\":\"fr-FR\"}]}<\/script>\n<!-- \/ Yoast SEO plugin. -->","yoast_head_json":{"title":"CONTACTS - ACC\u00c8S - ENSCMu","description":"contacts services acc\u00e8s plan","robots":{"index":"index","follow":"follow","max-snippet":"max-snippet:-1","max-image-preview":"max-image-preview:large","max-video-preview":"max-video-preview:-1"},"canonical":"https:\/\/www.enscmu.uha.fr\/index.php\/contacts-acces\/","og_locale":"fr_FR","og_type":"article","og_title":"CONTACTS - ACC\u00c8S - ENSCMu","og_description":"contacts services acc\u00e8s plan","og_url":"https:\/\/www.enscmu.uha.fr\/index.php\/contacts-acces\/","og_site_name":"ENSCMu | \u00c9cole Nationale Sup\u00e9rieure de Chimie de Mulhouse","article_modified_time":"2026-02-16T11:06:15+00:00","og_image":[{"width":788,"height":1181,"url":"https:\/\/www.enscmu.uha.fr\/wp-content\/uploads\/2017\/12\/ENSCMu-facade-Werner\u00a9GregoryTachet.jpg","type":"image\/jpeg"}],"twitter_card":"summary_large_image","twitter_misc":{"Dur\u00e9e de lecture estim\u00e9e":"2 minutes"},"schema":{"@context":"https:\/\/schema.org","@graph":[{"@type":"WebPage","@id":"https:\/\/www.enscmu.uha.fr\/index.php\/contacts-acces\/","url":"https:\/\/www.enscmu.uha.fr\/index.php\/contacts-acces\/","name":"CONTACTS - ACC\u00c8S - ENSCMu","isPartOf":{"@id":"https:\/\/www.enscmu.uha.fr\/#website"},"primaryImageOfPage":{"@id":"https:\/\/www.enscmu.uha.fr\/index.php\/contacts-acces\/#primaryimage"},"image":{"@id":"https:\/\/www.enscmu.uha.fr\/index.php\/contacts-acces\/#primaryimage"},"thumbnailUrl":"https:\/\/www.enscmu.uha.fr\/wp-content\/uploads\/2017\/12\/ENSCMu-facade-Werner\u00a9GregoryTachet.jpg","datePublished":"2017-12-12T14:57:33+00:00","dateModified":"2026-02-16T11:06:15+00:00","description":"contacts services acc\u00e8s plan","breadcrumb":{"@id":"https:\/\/www.enscmu.uha.fr\/index.php\/contacts-acces\/#breadcrumb"},"inLanguage":"fr-FR","potentialAction":[{"@type":"ReadAction","target":["https:\/\/www.enscmu.uha.fr\/index.php\/contacts-acces\/"]}]},{"@type":"ImageObject","inLanguage":"fr-FR","@id":"https:\/\/www.enscmu.uha.fr\/index.php\/contacts-acces\/#primaryimage","url":"https:\/\/www.enscmu.uha.fr\/wp-content\/uploads\/2017\/12\/ENSCMu-facade-Werner\u00a9GregoryTachet.jpg","contentUrl":"https:\/\/www.enscmu.uha.fr\/wp-content\/uploads\/2017\/12\/ENSCMu-facade-Werner\u00a9GregoryTachet.jpg","width":788,"height":1181,"caption":"\u00a9GregoryTachet"},{"@type":"BreadcrumbList","@id":"https:\/\/www.enscmu.uha.fr\/index.php\/contacts-acces\/#breadcrumb","itemListElement":[{"@type":"ListItem","position":1,"name":"Accueil","item":"https:\/\/www.enscmu.uha.fr\/"},{"@type":"ListItem","position":2,"name":"CONTACTS &#8211; ACC\u00c8S"}]},{"@type":"WebSite","@id":"https:\/\/www.enscmu.uha.fr\/#website","url":"https:\/\/www.enscmu.uha.fr\/","name":"ENSCMu | \u00c9cole Nationale Sup\u00e9rieure de Chimie de Mulhouse","description":"Campus Illberg | Universit\u00e9 de Haute-Alsace","potentialAction":[{"@type":"SearchAction","target":{"@type":"EntryPoint","urlTemplate":"https:\/\/www.enscmu.uha.fr\/?s={search_term_string}"},"query-input":{"@type":"PropertyValueSpecification","valueRequired":true,"valueName":"search_term_string"}}],"inLanguage":"fr-FR"}]}},"_links":{"self":[{"href":"https:\/\/www.enscmu.uha.fr\/index.php\/wp-json\/wp\/v2\/pages\/83","targetHints":{"allow":["GET"]}}],"collection":[{"href":"https:\/\/www.enscmu.uha.fr\/index.php\/wp-json\/wp\/v2\/pages"}],"about":[{"href":"https:\/\/www.enscmu.uha.fr\/index.php\/wp-json\/wp\/v2\/types\/page"}],"author":[{"embeddable":true,"href":"https:\/\/www.enscmu.uha.fr\/index.php\/wp-json\/wp\/v2\/users\/1"}],"replies":[{"embeddable":true,"href":"https:\/\/www.enscmu.uha.fr\/index.php\/wp-json\/wp\/v2\/comments?post=83"}],"version-history":[{"count":51,"href":"https:\/\/www.enscmu.uha.fr\/index.php\/wp-json\/wp\/v2\/pages\/83\/revisions"}],"predecessor-version":[{"id":5912,"href":"https:\/\/www.enscmu.uha.fr\/index.php\/wp-json\/wp\/v2\/pages\/83\/revisions\/5912"}],"wp:featuredmedia":[{"embeddable":true,"href":"https:\/\/www.enscmu.uha.fr\/index.php\/wp-json\/wp\/v2\/media\/304"}],"wp:attachment":[{"href":"https:\/\/www.enscmu.uha.fr\/index.php\/wp-json\/wp\/v2\/media?parent=83"}],"wp:term":[{"taxonomy":"category","embeddable":true,"href":"https:\/\/www.enscmu.uha.fr\/index.php\/wp-json\/wp\/v2\/categories?post=83"},{"taxonomy":"post_tag","embeddable":true,"href":"https:\/\/www.enscmu.uha.fr\/index.php\/wp-json\/wp\/v2\/tags?post=83"}],"curies":[{"name":"wp","href":"https:\/\/api.w.org\/{rel}","templated":true}]}}