{"id":85,"date":"2017-12-12T15:57:43","date_gmt":"2017-12-12T14:57:43","guid":{"rendered":"https:\/\/www.enscmu.uha.fr\/?page_id=85"},"modified":"2026-02-19T12:18:50","modified_gmt":"2026-02-19T11:18:50","slug":"ressources-presse","status":"publish","type":"page","link":"https:\/\/www.enscmu.uha.fr\/index.php\/ressources-presse\/","title":{"rendered":"RESSOURCES &#038; PRESSE"},"content":{"rendered":"<h1>Ressources<\/h1>\n<ul>\n<li><a href=\"https:\/\/youtu.be\/zF5ea6xdrsc\" target=\"_blank\" rel=\"noopener\">ENSCMu &#8211; Deviens ing\u00e9nieur chimiste, au coeur des enjeux de demain !<\/a><\/li>\n<li><a href=\"https:\/\/www.enscmu.uha.fr\/wp-content\/uploads\/2025\/11\/ENSCMu_plaquette_2025-2026_web.pdf\" target=\"_blank\" rel=\"noopener noreferrer\">Plaquette formation cycle ing\u00e9nieur ENSCMu<\/a><\/li>\n<li><a href=\"https:\/\/www.enscmu.uha.fr\/wp-content\/uploads\/2025\/11\/ENSCMu_Flyer-CPB_2025-26.pdf\" target=\"_blank\" rel=\"noopener noreferrer\">Fiche cycle post bac int\u00e9gr\u00e9 ENSCMu<\/a><\/li>\n<li><a href=\"https:\/\/www.enscmu.uha.fr\/wp-content\/uploads\/2024\/09\/ENSCMu_Contrat-professionalisation_programme_2024-25.pdf\">Fiche 2024-2025 contrat de professionnalisation ENSCMu<\/a><\/li>\n<li><a href=\"https:\/\/www.enscmu.uha.fr\/wp-content\/uploads\/2024\/10\/ENSCMu_plaquette-entreprise_2024.pdf\" target=\"_blank\" rel=\"attachment noopener wp-att-720 noreferrer\">Plaquette relations entreprises<\/a><\/li>\n<li><a href=\"https:\/\/www.enscmu.uha.fr\/wp-content\/uploads\/2026\/02\/RA-24-25-vweb.pdf\">RA 24-25 vweb<\/a><\/li>\n<li><a href=\"https:\/\/www.enscmu.uha.fr\/wp-content\/uploads\/2024\/10\/ENSCMu_taxe_apprentissage.pdf\" target=\"_blank\" rel=\"attachment noopener wp-att-719 noreferrer\">Plaquette taxe d&rsquo;apprentissage 2024<\/a><\/li>\n<li><a href=\"https:\/\/youtu.be\/l8QYTcLa5TU\" target=\"_blank\" rel=\"noopener\">ENSCMu &#8211; Become a chemical engineer at the heart of tomorrow&rsquo;s challenges<\/a><\/li>\n<li><a href=\"https:\/\/www.enscmu.uha.fr\/wp-content\/uploads\/2025\/01\/ENSCMu_plaquette_ENGLISH_2024-2025.pdf\" target=\"_blank\" rel=\"noopener noreferrer\">Brochure ENSCMu &#8211; School of chemical engineering<\/a><\/li>\n<li><a href=\"https:\/\/www.enscmu.uha.fr\/wp-content\/uploads\/2025\/09\/ENSCMu_chiffres-cles_2025-26.jpg\">Chiffres cl\u00e9s 2025-26<\/a><\/li>\n<li><a href=\"https:\/\/www.enscmu.uha.fr\/wp-content\/uploads\/2025\/08\/organigramme-ENSCMu.pdf\">Organigramme<\/a><\/li>\n<li><a href=\"https:\/\/www.enscmu.uha.fr\/wp-content\/uploads\/2025\/06\/CALENDRIER-ENSCMu-2025-2026.pdf\">CALENDRIER ENSCMu 2025-2026<\/a><\/li>\n<li><a href=\"https:\/\/youtu.be\/ODEVb6OKAxE\" target=\"_blank\" rel=\"noopener\">L&rsquo;ENSCMu en moins de 3 minutes (motion design)<\/a><\/li>\n<\/ul>\n<h1>Presse<\/h1>\n<p>Le service communication de l&rsquo;ENSCMu met \u00e0 votre disposition ci-dessous les derniers communiqu\u00e9s de presse de l\u2019\u00e9cole :<\/p>\n<ul>\n<li><a href=\"https:\/\/www.enscmu.uha.fr\/wp-content\/uploads\/2025\/10\/CP_inauguration-plateforme-lean_27.10.2025.pdf\" target=\"_blank\" rel=\"noopener\">Communiqu\u00e9_Inauguration_plateforme_lean_5.0_24.10.25<\/a><\/li>\n<li><a href=\"https:\/\/www.enscmu.uha.fr\/wp-content\/uploads\/2025\/09\/CP-rentree_02.09.2025.pdf\">Communiqu\u00e9_Rentr\u00e9e_1A_02.09.25<\/a><\/li>\n<li><a href=\"https:\/\/www.enscmu.uha.fr\/wp-content\/uploads\/2025\/06\/CP-summer-school-FGL_24.06.25.pdf\">Communiqu\u00e9_Summer School FGL_24.06.25<\/a><\/li>\n<li><a href=\"https:\/\/www.enscmu.uha.fr\/wp-content\/uploads\/2025\/06\/CP-remise-prix-olympiades-chimie_25.04.25.pdf\">Communiqu\u00e9_remise-prix-olympiades-chimie_25.04.25<\/a><\/li>\n<li><a href=\"https:\/\/www.enscmu.uha.fr\/wp-content\/uploads\/2025\/06\/CP-concours-JeFilmeMaFormation_24.02.25.pdf\">Communiqu\u00e9_concours_JeFilmeMaFormation_24.02.25<\/a><\/li>\n<li><a href=\"https:\/\/www.enscmu.uha.fr\/wp-content\/uploads\/2024\/11\/CP-exercice-SIDS_07.11.24.pdf\" target=\"_blank\" rel=\"noopener\">Communiqu\u00e9_Exercice_pompiers_ENSCMu_11.24<\/a><\/li>\n<li><a href=\"https:\/\/www.enscmu.uha.fr\/wp-content\/uploads\/2024\/10\/CP_Ouverture-apprentissage-ENSCMu_01.24.pdf\" target=\"_blank\" rel=\"noopener\">Communiqu\u00e9_Ouverture_apprentissage_ENSCMu_01.24<\/a><\/li>\n<li><a href=\"https:\/\/www.enscmu.uha.fr\/wp-content\/uploads\/2024\/10\/CP_RencontresChimie_08.24.pdf\">Communiqu\u00e9_Rencontres_chimie_08.24<\/a><\/li>\n<li><a href=\"https:\/\/www.enscmu.uha.fr\/wp-content\/uploads\/2024\/10\/IP_RencontresChimie_-29-30.08.24.pdf\" target=\"_blank\" rel=\"noopener\">Info-presse_Rencontres_chimie_08.24<\/a><\/li>\n<\/ul>\n<p>Pour int\u00e9grer le fichier presse et recevoir les communiqu\u00e9s de l\u2019ENSCMu par courriel, une simple demande adress\u00e9e \u00e0 Audrey Alau suffit. Merci d&rsquo;y indiquer vos coordonn\u00e9es, le (ou les) m\u00e9dia pour le(s)quel vous travaillez et les sujets qui vous int\u00e9resse particuli\u00e8rement au besoin.<\/p>\n<p>Contact : Audrey Alau, responsable communication<br \/>\nT\u00e9l. : +33 (0)3 89 33 67 46<br \/>\nCourriel : <a href=\"mailto:audrey.alau@uha.fr\">audrey.alau@uha.fr<\/a><\/p>\n<p>De plus le service communication se tient \u00e0 votre disposition pour l\u2019organisation d\u2019interviews ou la demande d\u2019informations ou de ressources.<\/p>\n<p>Enfin vous pouvez suivre l\u2019actualit\u00e9 quotidienne de l\u2019ENSCMu sur notre site internet et sur les r\u00e9seaux sociaux (pages officielles <a href=\"https:\/\/www.facebook.com\/enscmu\/\" target=\"_blank\" rel=\"noopener noreferrer\">Facebook \u2013 ENSCMu<\/a>, <a href=\"https:\/\/www.instagram.com\/chimie.mulhouse\/\" target=\"_blank\" rel=\"noopener\">Instagram<\/a> et <a href=\"https:\/\/www.linkedin.com\/school\/15130932\/\" target=\"_blank\" rel=\"noopener noreferrer\">LinkedIn &#8211; ENSCMu<\/a>.<br \/>\nNos vid\u00e9os sont visibles sur la <a href=\"https:\/\/www.youtube.com\/channel\/UCOmYLAhre3gCsRfjXsUGirQ\" target=\"_blank\" rel=\"noopener noreferrer\">cha\u00eene YouTube de Chimie Mulhouse<\/a>.<\/p>\n","protected":false},"excerpt":{"rendered":"<p>Ressources ENSCMu &#8211; Deviens ing\u00e9nieur chimiste, au coeur des enjeux de demain ! Plaquette formation cycle ing\u00e9nieur ENSCMu Fiche cycle post bac int\u00e9gr\u00e9 ENSCMu Fiche 2024-2025 contrat de professionnalisation ENSCMu Plaquette relations entreprises RA 24-25 vweb Plaquette taxe d&rsquo;apprentissage 2024 ENSCMu &#8211; Become a chemical engineer at the heart of tomorrow&rsquo;s challenges Brochure ENSCMu &#8211; [&hellip;]<\/p>\n","protected":false},"author":1,"featured_media":0,"parent":0,"menu_order":0,"comment_status":"closed","ping_status":"closed","template":"","meta":{"footnotes":""},"categories":[],"tags":[],"class_list":["post-85","page","type-page","status-publish","hentry"],"yoast_head":"<!-- This site is optimized with the Yoast SEO plugin v27.0 - https:\/\/yoast.com\/product\/yoast-seo-wordpress\/ -->\n<title>RESSOURCES &amp; PRESSE - ENSCMu<\/title>\n<meta name=\"robots\" content=\"index, follow, max-snippet:-1, max-image-preview:large, max-video-preview:-1\" \/>\n<link rel=\"canonical\" href=\"https:\/\/www.enscmu.uha.fr\/index.php\/ressources-presse\/\" \/>\n<meta property=\"og:locale\" content=\"fr_FR\" \/>\n<meta property=\"og:type\" content=\"article\" \/>\n<meta property=\"og:title\" content=\"RESSOURCES &amp; PRESSE - ENSCMu\" \/>\n<meta property=\"og:description\" content=\"Ressources ENSCMu &#8211; Deviens ing\u00e9nieur chimiste, au coeur des enjeux de demain ! Plaquette formation cycle ing\u00e9nieur ENSCMu Fiche cycle post bac int\u00e9gr\u00e9 ENSCMu Fiche 2024-2025 contrat de professionnalisation ENSCMu Plaquette relations entreprises RA 24-25 vweb Plaquette taxe d&rsquo;apprentissage 2024 ENSCMu &#8211; Become a chemical engineer at the heart of tomorrow&rsquo;s challenges Brochure ENSCMu &#8211; [&hellip;]\" \/>\n<meta property=\"og:url\" content=\"https:\/\/www.enscmu.uha.fr\/index.php\/ressources-presse\/\" \/>\n<meta property=\"og:site_name\" content=\"ENSCMu | \u00c9cole Nationale Sup\u00e9rieure de Chimie de Mulhouse\" \/>\n<meta property=\"article:modified_time\" content=\"2026-02-19T11:18:50+00:00\" \/>\n<meta name=\"twitter:card\" content=\"summary_large_image\" \/>\n<meta name=\"twitter:label1\" content=\"Dur\u00e9e de lecture estim\u00e9e\" \/>\n\t<meta name=\"twitter:data1\" content=\"2 minutes\" \/>\n<script type=\"application\/ld+json\" class=\"yoast-schema-graph\">{\"@context\":\"https:\/\/schema.org\",\"@graph\":[{\"@type\":\"WebPage\",\"@id\":\"https:\/\/www.enscmu.uha.fr\/index.php\/ressources-presse\/\",\"url\":\"https:\/\/www.enscmu.uha.fr\/index.php\/ressources-presse\/\",\"name\":\"RESSOURCES & PRESSE - ENSCMu\",\"isPartOf\":{\"@id\":\"https:\/\/www.enscmu.uha.fr\/#website\"},\"datePublished\":\"2017-12-12T14:57:43+00:00\",\"dateModified\":\"2026-02-19T11:18:50+00:00\",\"breadcrumb\":{\"@id\":\"https:\/\/www.enscmu.uha.fr\/index.php\/ressources-presse\/#breadcrumb\"},\"inLanguage\":\"fr-FR\",\"potentialAction\":[{\"@type\":\"ReadAction\",\"target\":[\"https:\/\/www.enscmu.uha.fr\/index.php\/ressources-presse\/\"]}]},{\"@type\":\"BreadcrumbList\",\"@id\":\"https:\/\/www.enscmu.uha.fr\/index.php\/ressources-presse\/#breadcrumb\",\"itemListElement\":[{\"@type\":\"ListItem\",\"position\":1,\"name\":\"Accueil\",\"item\":\"https:\/\/www.enscmu.uha.fr\/\"},{\"@type\":\"ListItem\",\"position\":2,\"name\":\"RESSOURCES &#038; PRESSE\"}]},{\"@type\":\"WebSite\",\"@id\":\"https:\/\/www.enscmu.uha.fr\/#website\",\"url\":\"https:\/\/www.enscmu.uha.fr\/\",\"name\":\"ENSCMu | \u00c9cole Nationale Sup\u00e9rieure de Chimie de Mulhouse\",\"description\":\"Campus Illberg | Universit\u00e9 de Haute-Alsace\",\"potentialAction\":[{\"@type\":\"SearchAction\",\"target\":{\"@type\":\"EntryPoint\",\"urlTemplate\":\"https:\/\/www.enscmu.uha.fr\/?s={search_term_string}\"},\"query-input\":{\"@type\":\"PropertyValueSpecification\",\"valueRequired\":true,\"valueName\":\"search_term_string\"}}],\"inLanguage\":\"fr-FR\"}]}<\/script>\n<!-- \/ Yoast SEO plugin. -->","yoast_head_json":{"title":"RESSOURCES & PRESSE - ENSCMu","robots":{"index":"index","follow":"follow","max-snippet":"max-snippet:-1","max-image-preview":"max-image-preview:large","max-video-preview":"max-video-preview:-1"},"canonical":"https:\/\/www.enscmu.uha.fr\/index.php\/ressources-presse\/","og_locale":"fr_FR","og_type":"article","og_title":"RESSOURCES & PRESSE - ENSCMu","og_description":"Ressources ENSCMu &#8211; Deviens ing\u00e9nieur chimiste, au coeur des enjeux de demain ! Plaquette formation cycle ing\u00e9nieur ENSCMu Fiche cycle post bac int\u00e9gr\u00e9 ENSCMu Fiche 2024-2025 contrat de professionnalisation ENSCMu Plaquette relations entreprises RA 24-25 vweb Plaquette taxe d&rsquo;apprentissage 2024 ENSCMu &#8211; Become a chemical engineer at the heart of tomorrow&rsquo;s challenges Brochure ENSCMu &#8211; [&hellip;]","og_url":"https:\/\/www.enscmu.uha.fr\/index.php\/ressources-presse\/","og_site_name":"ENSCMu | \u00c9cole Nationale Sup\u00e9rieure de Chimie de Mulhouse","article_modified_time":"2026-02-19T11:18:50+00:00","twitter_card":"summary_large_image","twitter_misc":{"Dur\u00e9e de lecture estim\u00e9e":"2 minutes"},"schema":{"@context":"https:\/\/schema.org","@graph":[{"@type":"WebPage","@id":"https:\/\/www.enscmu.uha.fr\/index.php\/ressources-presse\/","url":"https:\/\/www.enscmu.uha.fr\/index.php\/ressources-presse\/","name":"RESSOURCES & PRESSE - ENSCMu","isPartOf":{"@id":"https:\/\/www.enscmu.uha.fr\/#website"},"datePublished":"2017-12-12T14:57:43+00:00","dateModified":"2026-02-19T11:18:50+00:00","breadcrumb":{"@id":"https:\/\/www.enscmu.uha.fr\/index.php\/ressources-presse\/#breadcrumb"},"inLanguage":"fr-FR","potentialAction":[{"@type":"ReadAction","target":["https:\/\/www.enscmu.uha.fr\/index.php\/ressources-presse\/"]}]},{"@type":"BreadcrumbList","@id":"https:\/\/www.enscmu.uha.fr\/index.php\/ressources-presse\/#breadcrumb","itemListElement":[{"@type":"ListItem","position":1,"name":"Accueil","item":"https:\/\/www.enscmu.uha.fr\/"},{"@type":"ListItem","position":2,"name":"RESSOURCES &#038; PRESSE"}]},{"@type":"WebSite","@id":"https:\/\/www.enscmu.uha.fr\/#website","url":"https:\/\/www.enscmu.uha.fr\/","name":"ENSCMu | \u00c9cole Nationale Sup\u00e9rieure de Chimie de Mulhouse","description":"Campus Illberg | Universit\u00e9 de Haute-Alsace","potentialAction":[{"@type":"SearchAction","target":{"@type":"EntryPoint","urlTemplate":"https:\/\/www.enscmu.uha.fr\/?s={search_term_string}"},"query-input":{"@type":"PropertyValueSpecification","valueRequired":true,"valueName":"search_term_string"}}],"inLanguage":"fr-FR"}]}},"_links":{"self":[{"href":"https:\/\/www.enscmu.uha.fr\/index.php\/wp-json\/wp\/v2\/pages\/85","targetHints":{"allow":["GET"]}}],"collection":[{"href":"https:\/\/www.enscmu.uha.fr\/index.php\/wp-json\/wp\/v2\/pages"}],"about":[{"href":"https:\/\/www.enscmu.uha.fr\/index.php\/wp-json\/wp\/v2\/types\/page"}],"author":[{"embeddable":true,"href":"https:\/\/www.enscmu.uha.fr\/index.php\/wp-json\/wp\/v2\/users\/1"}],"replies":[{"embeddable":true,"href":"https:\/\/www.enscmu.uha.fr\/index.php\/wp-json\/wp\/v2\/comments?post=85"}],"version-history":[{"count":91,"href":"https:\/\/www.enscmu.uha.fr\/index.php\/wp-json\/wp\/v2\/pages\/85\/revisions"}],"predecessor-version":[{"id":5924,"href":"https:\/\/www.enscmu.uha.fr\/index.php\/wp-json\/wp\/v2\/pages\/85\/revisions\/5924"}],"wp:attachment":[{"href":"https:\/\/www.enscmu.uha.fr\/index.php\/wp-json\/wp\/v2\/media?parent=85"}],"wp:term":[{"taxonomy":"category","embeddable":true,"href":"https:\/\/www.enscmu.uha.fr\/index.php\/wp-json\/wp\/v2\/categories?post=85"},{"taxonomy":"post_tag","embeddable":true,"href":"https:\/\/www.enscmu.uha.fr\/index.php\/wp-json\/wp\/v2\/tags?post=85"}],"curies":[{"name":"wp","href":"https:\/\/api.w.org\/{rel}","templated":true}]}}