{"id":89,"date":"2017-12-12T15:58:01","date_gmt":"2017-12-12T14:58:01","guid":{"rendered":"https:\/\/www.enscmu.uha.fr\/?page_id=89"},"modified":"2021-07-15T15:12:29","modified_gmt":"2021-07-15T13:12:29","slug":"plan-du-site","status":"publish","type":"page","link":"https:\/\/www.enscmu.uha.fr\/index.php\/plan-du-site\/","title":{"rendered":"PLAN DU SITE"},"content":{"rendered":"<div class=\"menu-menu-principal-enscmu-container\"><ul id=\"menu-menu-principal-enscmu\" class=\"menu\"><li id=\"menu-item-116\" class=\"menu-item menu-item-type-post_type menu-item-object-page menu-item-has-children menu-item-116\"><a href=\"https:\/\/www.enscmu.uha.fr\/index.php\/ecole-ingenieurs-chimistes-mulhouse\/\">L\u2019ENSCMu<\/a>\n<ul class=\"sub-menu\">\n\t<li id=\"menu-item-120\" class=\"menu-item menu-item-type-post_type menu-item-object-page menu-item-120\"><a href=\"https:\/\/www.enscmu.uha.fr\/index.php\/ecole-ingenieurs-chimistes-mulhouse\/organisation\/\">ORGANISATION<\/a><\/li>\n\t<li id=\"menu-item-294\" class=\"menu-item menu-item-type-taxonomy menu-item-object-category menu-item-294\"><a href=\"https:\/\/www.enscmu.uha.fr\/index.php\/category\/actualites\/\">ACTUALIT\u00c9S<\/a><\/li>\n\t<li id=\"menu-item-118\" class=\"menu-item menu-item-type-post_type menu-item-object-page menu-item-118\"><a href=\"https:\/\/www.enscmu.uha.fr\/index.php\/ecole-ingenieurs-chimistes-mulhouse\/label-qualite-iso-9001\/\">LABEL QUALIT\u00c9 ISO 9001<\/a><\/li>\n\t<li id=\"menu-item-122\" class=\"menu-item menu-item-type-post_type menu-item-object-page menu-item-122\"><a href=\"https:\/\/www.enscmu.uha.fr\/index.php\/ecole-ingenieurs-chimistes-mulhouse\/vie-en-alsace\/\">VIE EN ALSACE<\/a><\/li>\n\t<li id=\"menu-item-121\" class=\"menu-item menu-item-type-post_type menu-item-object-page menu-item-121\"><a href=\"https:\/\/www.enscmu.uha.fr\/index.php\/ecole-ingenieurs-chimistes-mulhouse\/reseaux-partenaires\/\">R\u00c9SEAUX ET PARTENAIRES<\/a><\/li>\n\t<li id=\"menu-item-4716\" class=\"menu-item menu-item-type-custom menu-item-object-custom menu-item-4716\"><a href=\"https:\/\/www.enscmu.uha.fr\/wp-content\/uploads\/2026\/02\/RA-24-25-vweb.pdf\">RAPPORT D&rsquo;ACTIVIT\u00c9<\/a><\/li>\n\t<li id=\"menu-item-293\" class=\"menu-item menu-item-type-post_type menu-item-object-page menu-item-293\"><a href=\"https:\/\/www.enscmu.uha.fr\/index.php\/ecole-ingenieurs-chimistes-mulhouse\/lettre-dinformation\/\">NEWSLETTER<\/a><\/li>\n\t<li id=\"menu-item-2922\" class=\"menu-item menu-item-type-post_type menu-item-object-page menu-item-2922\"><a href=\"https:\/\/www.enscmu.uha.fr\/index.php\/visite-virtuelle\/\">VISITE VIRTUELLE<\/a><\/li>\n\t<li id=\"menu-item-98\" class=\"menu-item menu-item-type-post_type menu-item-object-page menu-item-98\"><a href=\"https:\/\/www.enscmu.uha.fr\/index.php\/contacts-acces\/\">CONTACTS \u2013 ACC\u00c8S<\/a><\/li>\n<\/ul>\n<\/li>\n<li id=\"menu-item-99\" class=\"menu-item menu-item-type-post_type menu-item-object-page menu-item-has-children menu-item-99\"><a href=\"https:\/\/www.enscmu.uha.fr\/index.php\/formation\/\">FORMATION<\/a>\n<ul class=\"sub-menu\">\n\t<li id=\"menu-item-100\" class=\"menu-item menu-item-type-post_type menu-item-object-page menu-item-has-children menu-item-100\"><a href=\"https:\/\/www.enscmu.uha.fr\/index.php\/formation\/admissions\/\">ADMISSIONS<\/a>\n\t<ul class=\"sub-menu\">\n\t\t<li id=\"menu-item-930\" class=\"menu-item menu-item-type-post_type menu-item-object-page menu-item-930\"><a href=\"https:\/\/www.enscmu.uha.fr\/index.php\/formation\/admissions\/admission-sur-titre-1re-annee\/\">ADMISSION SUR TITRE 1RE ANNEE<\/a><\/li>\n\t\t<li id=\"menu-item-929\" class=\"menu-item menu-item-type-post_type menu-item-object-page menu-item-929\"><a href=\"https:\/\/www.enscmu.uha.fr\/index.php\/admission-sur-titre-2e-annee\/\">ADMISSION SUR TITRE 2E ANNEE<\/a><\/li>\n\t\t<li id=\"menu-item-4767\" class=\"menu-item menu-item-type-post_type menu-item-object-page menu-item-4767\"><a href=\"https:\/\/www.enscmu.uha.fr\/index.php\/formation\/cycle-ingenieur-en-apprentissage\/\">ADMISSION CYCLE ING\u00c9NIEUR EN APPRENTISSAGE<\/a><\/li>\n\t<\/ul>\n<\/li>\n\t<li id=\"menu-item-108\" class=\"menu-item menu-item-type-post_type menu-item-object-page menu-item-108\"><a href=\"https:\/\/www.enscmu.uha.fr\/index.php\/formation\/inscription\/\">INSCRIPTION<\/a><\/li>\n\t<li id=\"menu-item-5649\" class=\"menu-item menu-item-type-post_type menu-item-object-page menu-item-5649\"><a href=\"https:\/\/www.enscmu.uha.fr\/index.php\/formation\/cycle-post-bac-integre-de-lenscmu\/\">CYCLE POST BAC INT\u00c9GR\u00c9 DE L\u2019ENSCMu<\/a><\/li>\n\t<li id=\"menu-item-101\" class=\"menu-item menu-item-type-post_type menu-item-object-page menu-item-has-children menu-item-101\"><a href=\"https:\/\/www.enscmu.uha.fr\/index.php\/formation\/cycle-ingenieur\/\">CYCLE ING\u00c9NIEUR SOUS STATUT \u00c9TUDIANT<\/a>\n\t<ul class=\"sub-menu\">\n\t\t<li id=\"menu-item-102\" class=\"menu-item menu-item-type-post_type menu-item-object-page menu-item-102\"><a href=\"https:\/\/www.enscmu.uha.fr\/index.php\/formation\/cycle-ingenieur\/1ere-annee\/\">1RE ANN\u00c9E<\/a><\/li>\n\t\t<li id=\"menu-item-103\" class=\"menu-item menu-item-type-post_type menu-item-object-page menu-item-103\"><a href=\"https:\/\/www.enscmu.uha.fr\/index.php\/formation\/cycle-ingenieur\/2eme-annee\/\">2E ANN\u00c9E<\/a><\/li>\n\t\t<li id=\"menu-item-104\" class=\"menu-item menu-item-type-post_type menu-item-object-page menu-item-104\"><a href=\"https:\/\/www.enscmu.uha.fr\/index.php\/formation\/cycle-ingenieur\/3eme-annee\/\">3E ANN\u00c9E<\/a><\/li>\n\t\t<li id=\"menu-item-105\" class=\"menu-item menu-item-type-post_type menu-item-object-page menu-item-105\"><a href=\"https:\/\/www.enscmu.uha.fr\/index.php\/formation\/cycle-ingenieur\/projets-stages\/\">PROJETS &#038; STAGES<\/a><\/li>\n\t<\/ul>\n<\/li>\n\t<li id=\"menu-item-4670\" class=\"menu-item menu-item-type-post_type menu-item-object-page menu-item-4670\"><a href=\"https:\/\/www.enscmu.uha.fr\/index.php\/formation\/cycle-ingenieur-en-apprentissage\/\">CYCLE ING\u00c9NIEUR EN APPRENTISSAGE<\/a><\/li>\n\t<li id=\"menu-item-2375\" class=\"menu-item menu-item-type-post_type menu-item-object-page menu-item-2375\"><a href=\"https:\/\/www.enscmu.uha.fr\/index.php\/projet-contrat-de-professionnalisation\/\">CONTRAT DE PROFESSIONNALISATION<\/a><\/li>\n\t<li id=\"menu-item-3188\" class=\"menu-item menu-item-type-post_type menu-item-object-page menu-item-3188\"><a href=\"https:\/\/www.enscmu.uha.fr\/index.php\/formation\/innovation-pedagogique\/\">INNOVATION P\u00c9DAGOGIQUE<\/a><\/li>\n\t<li id=\"menu-item-109\" class=\"menu-item menu-item-type-post_type menu-item-object-page menu-item-109\"><a href=\"https:\/\/www.enscmu.uha.fr\/index.php\/formation\/diversite-carrieres-metiers-secteurs-activite\/\">DIVERSIT\u00c9 DES CARRI\u00c8RES<\/a><\/li>\n\t<li id=\"menu-item-107\" class=\"menu-item menu-item-type-post_type menu-item-object-page menu-item-107\"><a href=\"https:\/\/www.enscmu.uha.fr\/index.php\/formation\/doubles-diplomes-master-et-licence\/\">DOUBLES DIPL\u00d4MES MASTER ET LICENCE<\/a><\/li>\n\t<li id=\"menu-item-111\" class=\"menu-item menu-item-type-post_type menu-item-object-page menu-item-111\"><a href=\"https:\/\/www.enscmu.uha.fr\/index.php\/formation\/poursuites-detudes\/\">POURSUITES D\u2019\u00c9TUDES<\/a><\/li>\n\t<li id=\"menu-item-110\" class=\"menu-item menu-item-type-post_type menu-item-object-page menu-item-110\"><a href=\"https:\/\/www.enscmu.uha.fr\/index.php\/formation\/mastere-specialise\/\">MAST\u00c8RE SP\u00c9CIALIS\u00c9 NRBCE<\/a><\/li>\n<\/ul>\n<\/li>\n<li id=\"menu-item-125\" class=\"menu-item menu-item-type-post_type menu-item-object-page menu-item-has-children menu-item-125\"><a href=\"https:\/\/www.enscmu.uha.fr\/index.php\/recherche\/\">RECHERCHE<\/a>\n<ul class=\"sub-menu\">\n\t<li id=\"menu-item-127\" class=\"menu-item menu-item-type-post_type menu-item-object-page menu-item-127\"><a href=\"https:\/\/www.enscmu.uha.fr\/index.php\/recherche\/recherche-enseignement\/\">RECHERCHE &#038; ENSEIGNEMENT<\/a><\/li>\n\t<li id=\"menu-item-126\" class=\"menu-item menu-item-type-post_type menu-item-object-page menu-item-126\"><a href=\"https:\/\/www.enscmu.uha.fr\/index.php\/recherche\/equipes-de-recherche\/\">\u00c9QUIPES DE RECHERCHE<\/a><\/li>\n<\/ul>\n<\/li>\n<li id=\"menu-item-112\" class=\"menu-item menu-item-type-post_type menu-item-object-page menu-item-has-children menu-item-112\"><a href=\"https:\/\/www.enscmu.uha.fr\/index.php\/international\/\">INTERNATIONAL<\/a>\n<ul class=\"sub-menu\">\n\t<li id=\"menu-item-113\" class=\"menu-item menu-item-type-post_type menu-item-object-page menu-item-113\"><a href=\"https:\/\/www.enscmu.uha.fr\/index.php\/international\/partir-a-letranger\/\">PARTIR \u00c0 L\u2019\u00c9TRANGER<\/a><\/li>\n\t<li id=\"menu-item-115\" class=\"menu-item menu-item-type-post_type menu-item-object-page menu-item-115\"><a href=\"https:\/\/www.enscmu.uha.fr\/index.php\/international\/venir-de-letranger\/\">VENIR DE L\u2019\u00c9TRANGER<\/a><\/li>\n\t<li id=\"menu-item-5038\" class=\"menu-item menu-item-type-post_type menu-item-object-page menu-item-5038\"><a href=\"https:\/\/www.enscmu.uha.fr\/index.php\/summer-school-fgl-in-mulhouse\/\">2ND SUMMER SCHOOL FGL IN MULHOUSE<\/a><\/li>\n<\/ul>\n<\/li>\n<li id=\"menu-item-128\" class=\"menu-item menu-item-type-post_type menu-item-object-page menu-item-has-children menu-item-128\"><a href=\"https:\/\/www.enscmu.uha.fr\/index.php\/relations-entreprises\/\">RELATIONS ENTREPRISES<\/a>\n<ul class=\"sub-menu\">\n\t<li id=\"menu-item-1995\" class=\"menu-item menu-item-type-post_type menu-item-object-page menu-item-1995\"><a href=\"https:\/\/www.enscmu.uha.fr\/index.php\/projet-contrat-de-professionnalisation\/\">CONTRAT DE PROFESSIONNALISATION<\/a><\/li>\n\t<li id=\"menu-item-4671\" class=\"menu-item menu-item-type-post_type menu-item-object-page menu-item-4671\"><a href=\"https:\/\/www.enscmu.uha.fr\/index.php\/formation\/cycle-ingenieur-en-apprentissage\/\">CYCLE ING\u00c9NIEUR EN APPRENTISSAGE<\/a><\/li>\n\t<li id=\"menu-item-131\" class=\"menu-item menu-item-type-post_type menu-item-object-page menu-item-131\"><a href=\"https:\/\/www.enscmu.uha.fr\/index.php\/relations-entreprises\/dons-fondation-pour-lenscmu\/\">DONS \u2013 FONDATION POUR L\u2019ENSCMu<\/a><\/li>\n\t<li id=\"menu-item-133\" class=\"menu-item menu-item-type-post_type menu-item-object-page menu-item-133\"><a href=\"https:\/\/www.enscmu.uha.fr\/index.php\/relations-entreprises\/partenariats\/\">PARTENARIATS<\/a><\/li>\n\t<li id=\"menu-item-5992\" class=\"menu-item menu-item-type-post_type menu-item-object-page menu-item-5992\"><a href=\"https:\/\/www.enscmu.uha.fr\/index.php\/relations-entreprises\/taxe-dapprentissage\/\">TAXE D\u2019APPRENTISSAGE<\/a><\/li>\n\t<li id=\"menu-item-130\" class=\"menu-item menu-item-type-post_type menu-item-object-page menu-item-130\"><a href=\"https:\/\/www.enscmu.uha.fr\/index.php\/relations-entreprises\/deposer-une-offre-de-stage\/\">D\u00c9POSER UNE OFFRE DE STAGE<\/a><\/li>\n\t<li id=\"menu-item-129\" class=\"menu-item menu-item-type-post_type menu-item-object-page menu-item-129\"><a href=\"https:\/\/www.enscmu.uha.fr\/index.php\/relations-entreprises\/deposer-une-offre-demploi\/\">D\u00c9POSER UNE OFFRE D\u2019EMPLOI<\/a><\/li>\n\t<li id=\"menu-item-132\" class=\"menu-item menu-item-type-post_type menu-item-object-page menu-item-132\"><a href=\"https:\/\/www.enscmu.uha.fr\/index.php\/relations-entreprises\/junior-entreprise\/\">HORIZONS ALSACE CHIMIE<\/a><\/li>\n<\/ul>\n<\/li>\n<li id=\"menu-item-136\" class=\"menu-item menu-item-type-post_type menu-item-object-page menu-item-has-children menu-item-136\"><a href=\"https:\/\/www.enscmu.uha.fr\/index.php\/vie-etudiante\/\">VIE \u00c9TUDIANTE<\/a>\n<ul class=\"sub-menu\">\n\t<li id=\"menu-item-137\" class=\"menu-item menu-item-type-post_type menu-item-object-page menu-item-137\"><a href=\"https:\/\/www.enscmu.uha.fr\/index.php\/vie-etudiante\/associations-clubs\/\">ASSOCIATIONS ET CLUBS<\/a><\/li>\n\t<li id=\"menu-item-138\" class=\"menu-item menu-item-type-post_type menu-item-object-page menu-item-138\"><a href=\"https:\/\/www.enscmu.uha.fr\/index.php\/vie-etudiante\/infos-pratiques\/\">INFOS PRATIQUES<\/a><\/li>\n\t<li id=\"menu-item-423\" class=\"menu-item menu-item-type-post_type menu-item-object-page menu-item-423\"><a href=\"https:\/\/www.enscmu.uha.fr\/index.php\/ecole-ingenieurs-chimistes-mulhouse\/vie-en-alsace\/\">VIE EN ALSACE<\/a><\/li>\n\t<li id=\"menu-item-139\" class=\"menu-item menu-item-type-post_type menu-item-object-page menu-item-139\"><a href=\"https:\/\/www.enscmu.uha.fr\/index.php\/vie-etudiante\/reseau-des-diplomes\/\">R\u00c9SEAU DES DIPL\u00d4M\u00c9S<\/a><\/li>\n<\/ul>\n<\/li>\n<li id=\"menu-item-117\" class=\"menu-item menu-item-type-post_type menu-item-object-page menu-item-has-children menu-item-117\"><a href=\"https:\/\/www.enscmu.uha.fr\/index.php\/ecole-ingenieurs-chimistes-mulhouse\/histoire-et-patrimoine-chimie-mulhouse\/\">200 ANS DE CHIMIE<\/a>\n<ul class=\"sub-menu\">\n\t<li id=\"menu-item-3823\" class=\"menu-item menu-item-type-post_type menu-item-object-page menu-item-3823\"><a href=\"https:\/\/www.enscmu.uha.fr\/index.php\/200-ans-de-chimie-le-programme\/200-ans-de-chimie-lexpo\/\">200 ANS DE CHIMIE : L\u2019EXPO<\/a><\/li>\n\t<li id=\"menu-item-3816\" class=\"menu-item menu-item-type-post_type menu-item-object-page menu-item-3816\"><a href=\"https:\/\/www.enscmu.uha.fr\/index.php\/200-ans-de-chimie-le-programme\/jeu-chemical-links\/\">JEU CHEMICAL LINKS<\/a><\/li>\n\t<li id=\"menu-item-3929\" class=\"menu-item menu-item-type-post_type menu-item-object-page menu-item-3929\"><a href=\"https:\/\/www.enscmu.uha.fr\/index.php\/200-ans-de-chimie-le-programme\/podcasts\/\">PODCASTS ALUMNIS<\/a><\/li>\n\t<li id=\"menu-item-3803\" class=\"menu-item menu-item-type-post_type menu-item-object-page menu-item-3803\"><a href=\"https:\/\/www.enscmu.uha.fr\/index.php\/200-ans-de-chimie-le-programme\/partenaires\/\">ILS NOUS ONT SOUTENU<\/a><\/li>\n\t<li id=\"menu-item-4401\" class=\"menu-item menu-item-type-custom menu-item-object-custom menu-item-4401\"><a href=\"https:\/\/www.fondation-enscmu.fr\/\">FONDATION<\/a><\/li>\n<\/ul>\n<\/li>\n<\/ul><\/div>\n<div class=\"menu-menu-pied-de-page-container\"><ul id=\"menu-menu-pied-de-page\" class=\"menu\"><li id=\"menu-item-146\" class=\"menu-item menu-item-type-post_type menu-item-object-page menu-item-146\"><a href=\"https:\/\/www.enscmu.uha.fr\/index.php\/ressources-presse\/\">RESSOURCES &#038; PRESSE<\/a><\/li>\n<li id=\"menu-item-143\" class=\"menu-item menu-item-type-post_type menu-item-object-page menu-item-143\"><a href=\"https:\/\/www.enscmu.uha.fr\/index.php\/accessibilite\/\">ACCESSIBILIT\u00c9<\/a><\/li>\n<li id=\"menu-item-142\" class=\"menu-item menu-item-type-post_type menu-item-object-page menu-item-142\"><a href=\"https:\/\/www.enscmu.uha.fr\/index.php\/mentions-legales\/\">MENTIONS L\u00c9GALES<\/a><\/li>\n<li id=\"menu-item-144\" class=\"menu-item menu-item-type-post_type menu-item-object-page menu-item-144\"><a href=\"https:\/\/www.enscmu.uha.fr\/index.php\/plan-du-site\/\">PLAN DU SITE<\/a><\/li>\n<li id=\"menu-item-1254\" class=\"menu-item menu-item-type-post_type menu-item-object-page menu-item-1254\"><a href=\"https:\/\/www.enscmu.uha.fr\/index.php\/faq\/\">FAQ<\/a><\/li>\n<li id=\"menu-item-3089\" class=\"menu-item menu-item-type-post_type menu-item-object-page menu-item-3089\"><a href=\"https:\/\/www.enscmu.uha.fr\/index.php\/protection-des-donnees\/\">PROTECTION DES DONN\u00c9ES<\/a><\/li>\n<\/ul><\/div>\n","protected":false},"excerpt":{"rendered":"","protected":false},"author":1,"featured_media":0,"parent":0,"menu_order":0,"comment_status":"closed","ping_status":"closed","template":"","meta":{"footnotes":""},"categories":[],"tags":[],"class_list":["post-89","page","type-page","status-publish","hentry"],"yoast_head":"<!-- This site is optimized with the Yoast SEO plugin v27.4 - https:\/\/yoast.com\/product\/yoast-seo-wordpress\/ -->\n<title>PLAN DU SITE - ENSCMu<\/title>\n<meta name=\"robots\" content=\"index, follow, max-snippet:-1, max-image-preview:large, max-video-preview:-1\" \/>\n<link rel=\"canonical\" href=\"https:\/\/www.enscmu.uha.fr\/index.php\/plan-du-site\/\" \/>\n<meta property=\"og:locale\" content=\"fr_FR\" \/>\n<meta property=\"og:type\" content=\"article\" \/>\n<meta property=\"og:title\" content=\"PLAN DU SITE - ENSCMu\" \/>\n<meta property=\"og:url\" content=\"https:\/\/www.enscmu.uha.fr\/index.php\/plan-du-site\/\" \/>\n<meta property=\"og:site_name\" content=\"ENSCMu | \u00c9cole Nationale Sup\u00e9rieure de Chimie de Mulhouse\" \/>\n<meta property=\"article:modified_time\" content=\"2021-07-15T13:12:29+00:00\" \/>\n<meta name=\"twitter:card\" content=\"summary_large_image\" \/>\n<meta name=\"twitter:label1\" content=\"Dur\u00e9e de lecture estim\u00e9e\" \/>\n\t<meta name=\"twitter:data1\" content=\"1 minute\" \/>\n<script type=\"application\/ld+json\" class=\"yoast-schema-graph\">{\"@context\":\"https:\\\/\\\/schema.org\",\"@graph\":[{\"@type\":\"WebPage\",\"@id\":\"https:\\\/\\\/www.enscmu.uha.fr\\\/index.php\\\/plan-du-site\\\/\",\"url\":\"https:\\\/\\\/www.enscmu.uha.fr\\\/index.php\\\/plan-du-site\\\/\",\"name\":\"PLAN DU SITE - ENSCMu\",\"isPartOf\":{\"@id\":\"https:\\\/\\\/www.enscmu.uha.fr\\\/#website\"},\"datePublished\":\"2017-12-12T14:58:01+00:00\",\"dateModified\":\"2021-07-15T13:12:29+00:00\",\"breadcrumb\":{\"@id\":\"https:\\\/\\\/www.enscmu.uha.fr\\\/index.php\\\/plan-du-site\\\/#breadcrumb\"},\"inLanguage\":\"fr-FR\",\"potentialAction\":[{\"@type\":\"ReadAction\",\"target\":[\"https:\\\/\\\/www.enscmu.uha.fr\\\/index.php\\\/plan-du-site\\\/\"]}]},{\"@type\":\"BreadcrumbList\",\"@id\":\"https:\\\/\\\/www.enscmu.uha.fr\\\/index.php\\\/plan-du-site\\\/#breadcrumb\",\"itemListElement\":[{\"@type\":\"ListItem\",\"position\":1,\"name\":\"Accueil\",\"item\":\"https:\\\/\\\/www.enscmu.uha.fr\\\/\"},{\"@type\":\"ListItem\",\"position\":2,\"name\":\"PLAN DU SITE\"}]},{\"@type\":\"WebSite\",\"@id\":\"https:\\\/\\\/www.enscmu.uha.fr\\\/#website\",\"url\":\"https:\\\/\\\/www.enscmu.uha.fr\\\/\",\"name\":\"ENSCMu | \u00c9cole Nationale Sup\u00e9rieure de Chimie de Mulhouse\",\"description\":\"Campus Illberg | Universit\u00e9 de Haute-Alsace\",\"potentialAction\":[{\"@type\":\"SearchAction\",\"target\":{\"@type\":\"EntryPoint\",\"urlTemplate\":\"https:\\\/\\\/www.enscmu.uha.fr\\\/?s={search_term_string}\"},\"query-input\":{\"@type\":\"PropertyValueSpecification\",\"valueRequired\":true,\"valueName\":\"search_term_string\"}}],\"inLanguage\":\"fr-FR\"}]}<\/script>\n<!-- \/ Yoast SEO plugin. -->","yoast_head_json":{"title":"PLAN DU SITE - ENSCMu","robots":{"index":"index","follow":"follow","max-snippet":"max-snippet:-1","max-image-preview":"max-image-preview:large","max-video-preview":"max-video-preview:-1"},"canonical":"https:\/\/www.enscmu.uha.fr\/index.php\/plan-du-site\/","og_locale":"fr_FR","og_type":"article","og_title":"PLAN DU SITE - ENSCMu","og_url":"https:\/\/www.enscmu.uha.fr\/index.php\/plan-du-site\/","og_site_name":"ENSCMu | \u00c9cole Nationale Sup\u00e9rieure de Chimie de Mulhouse","article_modified_time":"2021-07-15T13:12:29+00:00","twitter_card":"summary_large_image","twitter_misc":{"Dur\u00e9e de lecture estim\u00e9e":"1 minute"},"schema":{"@context":"https:\/\/schema.org","@graph":[{"@type":"WebPage","@id":"https:\/\/www.enscmu.uha.fr\/index.php\/plan-du-site\/","url":"https:\/\/www.enscmu.uha.fr\/index.php\/plan-du-site\/","name":"PLAN DU SITE - ENSCMu","isPartOf":{"@id":"https:\/\/www.enscmu.uha.fr\/#website"},"datePublished":"2017-12-12T14:58:01+00:00","dateModified":"2021-07-15T13:12:29+00:00","breadcrumb":{"@id":"https:\/\/www.enscmu.uha.fr\/index.php\/plan-du-site\/#breadcrumb"},"inLanguage":"fr-FR","potentialAction":[{"@type":"ReadAction","target":["https:\/\/www.enscmu.uha.fr\/index.php\/plan-du-site\/"]}]},{"@type":"BreadcrumbList","@id":"https:\/\/www.enscmu.uha.fr\/index.php\/plan-du-site\/#breadcrumb","itemListElement":[{"@type":"ListItem","position":1,"name":"Accueil","item":"https:\/\/www.enscmu.uha.fr\/"},{"@type":"ListItem","position":2,"name":"PLAN DU SITE"}]},{"@type":"WebSite","@id":"https:\/\/www.enscmu.uha.fr\/#website","url":"https:\/\/www.enscmu.uha.fr\/","name":"ENSCMu | \u00c9cole Nationale Sup\u00e9rieure de Chimie de Mulhouse","description":"Campus Illberg | Universit\u00e9 de Haute-Alsace","potentialAction":[{"@type":"SearchAction","target":{"@type":"EntryPoint","urlTemplate":"https:\/\/www.enscmu.uha.fr\/?s={search_term_string}"},"query-input":{"@type":"PropertyValueSpecification","valueRequired":true,"valueName":"search_term_string"}}],"inLanguage":"fr-FR"}]}},"_links":{"self":[{"href":"https:\/\/www.enscmu.uha.fr\/index.php\/wp-json\/wp\/v2\/pages\/89","targetHints":{"allow":["GET"]}}],"collection":[{"href":"https:\/\/www.enscmu.uha.fr\/index.php\/wp-json\/wp\/v2\/pages"}],"about":[{"href":"https:\/\/www.enscmu.uha.fr\/index.php\/wp-json\/wp\/v2\/types\/page"}],"author":[{"embeddable":true,"href":"https:\/\/www.enscmu.uha.fr\/index.php\/wp-json\/wp\/v2\/users\/1"}],"replies":[{"embeddable":true,"href":"https:\/\/www.enscmu.uha.fr\/index.php\/wp-json\/wp\/v2\/comments?post=89"}],"version-history":[{"count":8,"href":"https:\/\/www.enscmu.uha.fr\/index.php\/wp-json\/wp\/v2\/pages\/89\/revisions"}],"predecessor-version":[{"id":3485,"href":"https:\/\/www.enscmu.uha.fr\/index.php\/wp-json\/wp\/v2\/pages\/89\/revisions\/3485"}],"wp:attachment":[{"href":"https:\/\/www.enscmu.uha.fr\/index.php\/wp-json\/wp\/v2\/media?parent=89"}],"wp:term":[{"taxonomy":"category","embeddable":true,"href":"https:\/\/www.enscmu.uha.fr\/index.php\/wp-json\/wp\/v2\/categories?post=89"},{"taxonomy":"post_tag","embeddable":true,"href":"https:\/\/www.enscmu.uha.fr\/index.php\/wp-json\/wp\/v2\/tags?post=89"}],"curies":[{"name":"wp","href":"https:\/\/api.w.org\/{rel}","templated":true}]}}