{"id":9,"date":"2017-12-12T15:48:05","date_gmt":"2017-12-12T14:48:05","guid":{"rendered":"https:\/\/www.enscmu.uha.fr\/?page_id=9"},"modified":"2021-03-12T17:40:15","modified_gmt":"2021-03-12T16:40:15","slug":"label-sante-et-securite-au-travail","status":"publish","type":"page","link":"https:\/\/www.enscmu.uha.fr\/index.php\/ecole-ingenieurs-chimistes-mulhouse\/label-sante-et-securite-au-travail\/","title":{"rendered":"LABEL SANT\u00c9 ET S\u00c9CURIT\u00c9 AU TRAVAIL"},"content":{"rendered":"<p>Le 10 octobre 2016, l&rsquo;ENSCMu a obtenu le <a href=\"http:\/\/www.inrs.fr\/actualites\/label-cnes-st.html\" target=\"_blank\" rel=\"noopener noreferrer\">label d\u00e9livr\u00e9 par le CNES&amp;ST<\/a> (Conseil national pour l&rsquo;enseignement en sant\u00e9 et s\u00e9curit\u00e9 au travail), une distinction qui vient r\u00e9compenser un travail collectif men\u00e9 au sein de l&rsquo;\u00e9cole en mati\u00e8re de p\u00e9dagogie en sant\u00e9 et s\u00e9curit\u00e9 au travail.<\/p>\n<p>Six \u00e9coles d&rsquo;ing\u00e9nieurs ont obtenu pour la premi\u00e8re fois ce Label, mis en place par le CNES&amp;ST pour r\u00e9compenser leur investissement dans l&rsquo;enseignement relatif au r\u00e9f\u00e9rentiel de comp\u00e9tences BES&amp;ST (Bases Essentielles en Sant\u00e9 et S\u00e9curit\u00e9 au Travail). Bas\u00e9 sur 12 crit\u00e8res, ce Label marque un investissement fort de l\u2019\u00e9cole pour placer la Sant\u00e9 et S\u00e9curit\u00e9 au Travail au coeur des enseignements et de la vie de l\u2019\u00e9tablissement. Ces \u00e9coles dont l&rsquo;ENSCMu fait partie sont ainsi valoris\u00e9es pour avoir mis en place \u00ab\u00a0<em>une d\u00e9marche p\u00e9dagogique exemplaire \u2013 empruntant des chemins diff\u00e9rents mais avec pour chacune le but de former de futurs managers responsables, capables non seulement d\u2019oeuvrer pour am\u00e9liorer la performance des entreprises qui les emploieront, mais aussi de pr\u00e9server sa principale richesse qui est le capital humain<\/em>\u00ab\u00a0. (CNES&amp;ST)<\/p>\n<p>\u00ab\u00a0<em>Pour l&rsquo;ENSCMu, il ne s&rsquo;agissait que de formaliser des pratiques qui existaient depuis longtemps, notamment \u00e0 travers la cr\u00e9ation dans les ann\u00e9es 80 d&rsquo;une option S\u00e9curit\u00e9 qui a \u00e9t\u00e9 compl\u00e8tement revue en 2011 pour devenir l&rsquo;option S\u00e9curit\u00e9, Environnement et Sant\u00e9 au Travail, ou la cr\u00e9ation d\u00e8s 2006 d&rsquo;une Association pour la Pr\u00e9vention, l&rsquo;HYgi\u00e8ne, la S\u00e9curit\u00e9 et l&rsquo;Environnement (APHYSE). Au cours de ces derni\u00e8res ann\u00e9es l&rsquo;enseignement de la S&amp;ST \u00e0 l&rsquo;ENSCMu s&rsquo;est diversifi\u00e9, tant dans les contenus que dans les m\u00e9thodes d&rsquo;enseignement. C&rsquo;est ce qui fait la particularit\u00e9 de l&rsquo;ENSCMu.<\/em>\u00a0\u00bb<br \/>\nMurielle Tyrode, responsable de l&rsquo;option S\u00e9curit\u00e9, Environnement et Sant\u00e9 au Travail \u00e0 l&rsquo;ENSCMu<\/p>\n<p style=\"text-align: center;\"><span class=\"su-lightbox\" data-mfp-src=\"https:\/\/www.youtube-nocookie.com\/embed\/kGGNV75MEE8\" data-mfp-type=\"iframe\" data-mobile=\"yes\"><img loading=\"lazy\" decoding=\"async\" class=\"aligncenter wp-image-3105 size-large\" src=\"https:\/\/www.enscmu.uha.fr\/wp-content\/uploads\/2021\/03\/enscmu-4-1024x539.jpg\" alt=\"ENSCMu\" width=\"750\" height=\"395\" srcset=\"https:\/\/www.enscmu.uha.fr\/wp-content\/uploads\/2021\/03\/enscmu-4-1024x539.jpg 1024w, https:\/\/www.enscmu.uha.fr\/wp-content\/uploads\/2021\/03\/enscmu-4-300x158.jpg 300w, https:\/\/www.enscmu.uha.fr\/wp-content\/uploads\/2021\/03\/enscmu-4-768x404.jpg 768w, https:\/\/www.enscmu.uha.fr\/wp-content\/uploads\/2021\/03\/enscmu-4.jpg 1278w\" sizes=\"auto, (max-width: 750px) 100vw, 750px\" \/><\/span>\n","protected":false},"excerpt":{"rendered":"<p>Le 10 octobre 2016, l&rsquo;ENSCMu a obtenu le label d\u00e9livr\u00e9 par le CNES&amp;ST (Conseil national pour l&rsquo;enseignement en sant\u00e9 et s\u00e9curit\u00e9 au travail), une distinction qui vient r\u00e9compenser un travail collectif men\u00e9 au sein de l&rsquo;\u00e9cole en mati\u00e8re de p\u00e9dagogie en sant\u00e9 et s\u00e9curit\u00e9 au travail. Six \u00e9coles d&rsquo;ing\u00e9nieurs ont obtenu pour la premi\u00e8re fois [&hellip;]<\/p>\n","protected":false},"author":1,"featured_media":0,"parent":2,"menu_order":0,"comment_status":"closed","ping_status":"closed","template":"","meta":{"footnotes":""},"categories":[6],"tags":[],"class_list":["post-9","page","type-page","status-publish","hentry","category-entreprises-partenaires"],"yoast_head":"<!-- This site is optimized with the Yoast SEO plugin v27.4 - https:\/\/yoast.com\/product\/yoast-seo-wordpress\/ -->\n<title>LABEL SANT\u00c9 ET S\u00c9CURIT\u00c9 AU TRAVAIL - ENSCMu<\/title>\n<meta name=\"robots\" content=\"index, follow, max-snippet:-1, max-image-preview:large, max-video-preview:-1\" \/>\n<link rel=\"canonical\" href=\"https:\/\/www.enscmu.uha.fr\/index.php\/ecole-ingenieurs-chimistes-mulhouse\/label-sante-et-securite-au-travail\/\" \/>\n<meta property=\"og:locale\" content=\"fr_FR\" \/>\n<meta property=\"og:type\" content=\"article\" \/>\n<meta property=\"og:title\" content=\"LABEL SANT\u00c9 ET S\u00c9CURIT\u00c9 AU TRAVAIL - ENSCMu\" \/>\n<meta property=\"og:description\" content=\"Le 10 octobre 2016, l&rsquo;ENSCMu a obtenu le label d\u00e9livr\u00e9 par le CNES&amp;ST (Conseil national pour l&rsquo;enseignement en sant\u00e9 et s\u00e9curit\u00e9 au travail), une distinction qui vient r\u00e9compenser un travail collectif men\u00e9 au sein de l&rsquo;\u00e9cole en mati\u00e8re de p\u00e9dagogie en sant\u00e9 et s\u00e9curit\u00e9 au travail. Six \u00e9coles d&rsquo;ing\u00e9nieurs ont obtenu pour la premi\u00e8re fois [&hellip;]\" \/>\n<meta property=\"og:url\" content=\"https:\/\/www.enscmu.uha.fr\/index.php\/ecole-ingenieurs-chimistes-mulhouse\/label-sante-et-securite-au-travail\/\" \/>\n<meta property=\"og:site_name\" content=\"ENSCMu | \u00c9cole Nationale Sup\u00e9rieure de Chimie de Mulhouse\" \/>\n<meta property=\"article:modified_time\" content=\"2021-03-12T16:40:15+00:00\" \/>\n<meta property=\"og:image\" content=\"https:\/\/www.enscmu.uha.fr\/wp-content\/uploads\/2021\/03\/enscmu-4-1024x539.jpg\" \/>\n<meta name=\"twitter:card\" content=\"summary_large_image\" \/>\n<meta name=\"twitter:label1\" content=\"Dur\u00e9e de lecture estim\u00e9e\" \/>\n\t<meta name=\"twitter:data1\" content=\"2 minutes\" \/>\n<script type=\"application\/ld+json\" class=\"yoast-schema-graph\">{\"@context\":\"https:\\\/\\\/schema.org\",\"@graph\":[{\"@type\":\"WebPage\",\"@id\":\"https:\\\/\\\/www.enscmu.uha.fr\\\/index.php\\\/ecole-ingenieurs-chimistes-mulhouse\\\/label-sante-et-securite-au-travail\\\/\",\"url\":\"https:\\\/\\\/www.enscmu.uha.fr\\\/index.php\\\/ecole-ingenieurs-chimistes-mulhouse\\\/label-sante-et-securite-au-travail\\\/\",\"name\":\"LABEL SANT\u00c9 ET S\u00c9CURIT\u00c9 AU TRAVAIL - ENSCMu\",\"isPartOf\":{\"@id\":\"https:\\\/\\\/www.enscmu.uha.fr\\\/#website\"},\"primaryImageOfPage\":{\"@id\":\"https:\\\/\\\/www.enscmu.uha.fr\\\/index.php\\\/ecole-ingenieurs-chimistes-mulhouse\\\/label-sante-et-securite-au-travail\\\/#primaryimage\"},\"image\":{\"@id\":\"https:\\\/\\\/www.enscmu.uha.fr\\\/index.php\\\/ecole-ingenieurs-chimistes-mulhouse\\\/label-sante-et-securite-au-travail\\\/#primaryimage\"},\"thumbnailUrl\":\"https:\\\/\\\/www.enscmu.uha.fr\\\/wp-content\\\/uploads\\\/2021\\\/03\\\/enscmu-4-1024x539.jpg\",\"datePublished\":\"2017-12-12T14:48:05+00:00\",\"dateModified\":\"2021-03-12T16:40:15+00:00\",\"breadcrumb\":{\"@id\":\"https:\\\/\\\/www.enscmu.uha.fr\\\/index.php\\\/ecole-ingenieurs-chimistes-mulhouse\\\/label-sante-et-securite-au-travail\\\/#breadcrumb\"},\"inLanguage\":\"fr-FR\",\"potentialAction\":[{\"@type\":\"ReadAction\",\"target\":[\"https:\\\/\\\/www.enscmu.uha.fr\\\/index.php\\\/ecole-ingenieurs-chimistes-mulhouse\\\/label-sante-et-securite-au-travail\\\/\"]}]},{\"@type\":\"ImageObject\",\"inLanguage\":\"fr-FR\",\"@id\":\"https:\\\/\\\/www.enscmu.uha.fr\\\/index.php\\\/ecole-ingenieurs-chimistes-mulhouse\\\/label-sante-et-securite-au-travail\\\/#primaryimage\",\"url\":\"https:\\\/\\\/www.enscmu.uha.fr\\\/wp-content\\\/uploads\\\/2021\\\/03\\\/enscmu-4.jpg\",\"contentUrl\":\"https:\\\/\\\/www.enscmu.uha.fr\\\/wp-content\\\/uploads\\\/2021\\\/03\\\/enscmu-4.jpg\",\"width\":1278,\"height\":673,\"caption\":\"ENSCMu\"},{\"@type\":\"BreadcrumbList\",\"@id\":\"https:\\\/\\\/www.enscmu.uha.fr\\\/index.php\\\/ecole-ingenieurs-chimistes-mulhouse\\\/label-sante-et-securite-au-travail\\\/#breadcrumb\",\"itemListElement\":[{\"@type\":\"ListItem\",\"position\":1,\"name\":\"Accueil\",\"item\":\"https:\\\/\\\/www.enscmu.uha.fr\\\/\"},{\"@type\":\"ListItem\",\"position\":2,\"name\":\"L&rsquo;ENSCMu\",\"item\":\"https:\\\/\\\/www.enscmu.uha.fr\\\/index.php\\\/ecole-ingenieurs-chimistes-mulhouse\\\/\"},{\"@type\":\"ListItem\",\"position\":3,\"name\":\"LABEL SANT\u00c9 ET S\u00c9CURIT\u00c9 AU TRAVAIL\"}]},{\"@type\":\"WebSite\",\"@id\":\"https:\\\/\\\/www.enscmu.uha.fr\\\/#website\",\"url\":\"https:\\\/\\\/www.enscmu.uha.fr\\\/\",\"name\":\"ENSCMu | \u00c9cole Nationale Sup\u00e9rieure de Chimie de Mulhouse\",\"description\":\"Campus Illberg | Universit\u00e9 de Haute-Alsace\",\"potentialAction\":[{\"@type\":\"SearchAction\",\"target\":{\"@type\":\"EntryPoint\",\"urlTemplate\":\"https:\\\/\\\/www.enscmu.uha.fr\\\/?s={search_term_string}\"},\"query-input\":{\"@type\":\"PropertyValueSpecification\",\"valueRequired\":true,\"valueName\":\"search_term_string\"}}],\"inLanguage\":\"fr-FR\"}]}<\/script>\n<!-- \/ Yoast SEO plugin. -->","yoast_head_json":{"title":"LABEL SANT\u00c9 ET S\u00c9CURIT\u00c9 AU TRAVAIL - ENSCMu","robots":{"index":"index","follow":"follow","max-snippet":"max-snippet:-1","max-image-preview":"max-image-preview:large","max-video-preview":"max-video-preview:-1"},"canonical":"https:\/\/www.enscmu.uha.fr\/index.php\/ecole-ingenieurs-chimistes-mulhouse\/label-sante-et-securite-au-travail\/","og_locale":"fr_FR","og_type":"article","og_title":"LABEL SANT\u00c9 ET S\u00c9CURIT\u00c9 AU TRAVAIL - ENSCMu","og_description":"Le 10 octobre 2016, l&rsquo;ENSCMu a obtenu le label d\u00e9livr\u00e9 par le CNES&amp;ST (Conseil national pour l&rsquo;enseignement en sant\u00e9 et s\u00e9curit\u00e9 au travail), une distinction qui vient r\u00e9compenser un travail collectif men\u00e9 au sein de l&rsquo;\u00e9cole en mati\u00e8re de p\u00e9dagogie en sant\u00e9 et s\u00e9curit\u00e9 au travail. Six \u00e9coles d&rsquo;ing\u00e9nieurs ont obtenu pour la premi\u00e8re fois [&hellip;]","og_url":"https:\/\/www.enscmu.uha.fr\/index.php\/ecole-ingenieurs-chimistes-mulhouse\/label-sante-et-securite-au-travail\/","og_site_name":"ENSCMu | \u00c9cole Nationale Sup\u00e9rieure de Chimie de Mulhouse","article_modified_time":"2021-03-12T16:40:15+00:00","og_image":[{"url":"https:\/\/www.enscmu.uha.fr\/wp-content\/uploads\/2021\/03\/enscmu-4-1024x539.jpg","type":"","width":"","height":""}],"twitter_card":"summary_large_image","twitter_misc":{"Dur\u00e9e de lecture estim\u00e9e":"2 minutes"},"schema":{"@context":"https:\/\/schema.org","@graph":[{"@type":"WebPage","@id":"https:\/\/www.enscmu.uha.fr\/index.php\/ecole-ingenieurs-chimistes-mulhouse\/label-sante-et-securite-au-travail\/","url":"https:\/\/www.enscmu.uha.fr\/index.php\/ecole-ingenieurs-chimistes-mulhouse\/label-sante-et-securite-au-travail\/","name":"LABEL SANT\u00c9 ET S\u00c9CURIT\u00c9 AU TRAVAIL - ENSCMu","isPartOf":{"@id":"https:\/\/www.enscmu.uha.fr\/#website"},"primaryImageOfPage":{"@id":"https:\/\/www.enscmu.uha.fr\/index.php\/ecole-ingenieurs-chimistes-mulhouse\/label-sante-et-securite-au-travail\/#primaryimage"},"image":{"@id":"https:\/\/www.enscmu.uha.fr\/index.php\/ecole-ingenieurs-chimistes-mulhouse\/label-sante-et-securite-au-travail\/#primaryimage"},"thumbnailUrl":"https:\/\/www.enscmu.uha.fr\/wp-content\/uploads\/2021\/03\/enscmu-4-1024x539.jpg","datePublished":"2017-12-12T14:48:05+00:00","dateModified":"2021-03-12T16:40:15+00:00","breadcrumb":{"@id":"https:\/\/www.enscmu.uha.fr\/index.php\/ecole-ingenieurs-chimistes-mulhouse\/label-sante-et-securite-au-travail\/#breadcrumb"},"inLanguage":"fr-FR","potentialAction":[{"@type":"ReadAction","target":["https:\/\/www.enscmu.uha.fr\/index.php\/ecole-ingenieurs-chimistes-mulhouse\/label-sante-et-securite-au-travail\/"]}]},{"@type":"ImageObject","inLanguage":"fr-FR","@id":"https:\/\/www.enscmu.uha.fr\/index.php\/ecole-ingenieurs-chimistes-mulhouse\/label-sante-et-securite-au-travail\/#primaryimage","url":"https:\/\/www.enscmu.uha.fr\/wp-content\/uploads\/2021\/03\/enscmu-4.jpg","contentUrl":"https:\/\/www.enscmu.uha.fr\/wp-content\/uploads\/2021\/03\/enscmu-4.jpg","width":1278,"height":673,"caption":"ENSCMu"},{"@type":"BreadcrumbList","@id":"https:\/\/www.enscmu.uha.fr\/index.php\/ecole-ingenieurs-chimistes-mulhouse\/label-sante-et-securite-au-travail\/#breadcrumb","itemListElement":[{"@type":"ListItem","position":1,"name":"Accueil","item":"https:\/\/www.enscmu.uha.fr\/"},{"@type":"ListItem","position":2,"name":"L&rsquo;ENSCMu","item":"https:\/\/www.enscmu.uha.fr\/index.php\/ecole-ingenieurs-chimistes-mulhouse\/"},{"@type":"ListItem","position":3,"name":"LABEL SANT\u00c9 ET S\u00c9CURIT\u00c9 AU TRAVAIL"}]},{"@type":"WebSite","@id":"https:\/\/www.enscmu.uha.fr\/#website","url":"https:\/\/www.enscmu.uha.fr\/","name":"ENSCMu | \u00c9cole Nationale Sup\u00e9rieure de Chimie de Mulhouse","description":"Campus Illberg | Universit\u00e9 de Haute-Alsace","potentialAction":[{"@type":"SearchAction","target":{"@type":"EntryPoint","urlTemplate":"https:\/\/www.enscmu.uha.fr\/?s={search_term_string}"},"query-input":{"@type":"PropertyValueSpecification","valueRequired":true,"valueName":"search_term_string"}}],"inLanguage":"fr-FR"}]}},"_links":{"self":[{"href":"https:\/\/www.enscmu.uha.fr\/index.php\/wp-json\/wp\/v2\/pages\/9","targetHints":{"allow":["GET"]}}],"collection":[{"href":"https:\/\/www.enscmu.uha.fr\/index.php\/wp-json\/wp\/v2\/pages"}],"about":[{"href":"https:\/\/www.enscmu.uha.fr\/index.php\/wp-json\/wp\/v2\/types\/page"}],"author":[{"embeddable":true,"href":"https:\/\/www.enscmu.uha.fr\/index.php\/wp-json\/wp\/v2\/users\/1"}],"replies":[{"embeddable":true,"href":"https:\/\/www.enscmu.uha.fr\/index.php\/wp-json\/wp\/v2\/comments?post=9"}],"version-history":[{"count":9,"href":"https:\/\/www.enscmu.uha.fr\/index.php\/wp-json\/wp\/v2\/pages\/9\/revisions"}],"predecessor-version":[{"id":3106,"href":"https:\/\/www.enscmu.uha.fr\/index.php\/wp-json\/wp\/v2\/pages\/9\/revisions\/3106"}],"up":[{"embeddable":true,"href":"https:\/\/www.enscmu.uha.fr\/index.php\/wp-json\/wp\/v2\/pages\/2"}],"wp:attachment":[{"href":"https:\/\/www.enscmu.uha.fr\/index.php\/wp-json\/wp\/v2\/media?parent=9"}],"wp:term":[{"taxonomy":"category","embeddable":true,"href":"https:\/\/www.enscmu.uha.fr\/index.php\/wp-json\/wp\/v2\/categories?post=9"},{"taxonomy":"post_tag","embeddable":true,"href":"https:\/\/www.enscmu.uha.fr\/index.php\/wp-json\/wp\/v2\/tags?post=9"}],"curies":[{"name":"wp","href":"https:\/\/api.w.org\/{rel}","templated":true}]}}